{"id":10811,"date":"2023-01-25T12:22:54","date_gmt":"2023-01-25T12:22:54","guid":{"rendered":"https:\/\/laimincom.ee\/toode\/shop-display-with-4-round-baskets\/"},"modified":"2024-01-18T08:37:21","modified_gmt":"2024-01-18T08:37:21","slug":"shop-display-with-4-round-baskets","status":"publish","type":"product","link":"https:\/\/laimincom.ee\/et\/toode\/shop-display-with-4-round-baskets\/","title":{"rendered":"M\u00fc\u00fcgistend, 4 \u00fcmmarguse korviga"},"content":{"rendered":"<p>Paigaldamiseks ei ole t\u00f6\u00f6riistu vaja. Logoplaat 35,5 x 17,5 cm.<\/p>","protected":false},"excerpt":{"rendered":"<p>Valmistatud 32 mm terastorudest, kaetud RAL9006 (h\u00f5be) v\u00e4rviga. Komplektis neli punutud korvi, kaks 3\u201d ratast. K\u00f5rgus 160 cm, laius 65 cm, s\u00fcgavus 35 cm.<\/p>","protected":false},"featured_media":1684,"template":"","meta":{"om_disable_all_campaigns":false,"inline_featured_image":false},"product_cat":[160],"product_tag":[],"class_list":{"0":"post-10811","1":"product","2":"type-product","3":"status-publish","4":"has-post-thumbnail","6":"product_cat-other-metal-products","9":"first","10":"onbackorder","11":"taxable","12":"shipping-taxable","13":"purchasable","14":"product-type-simple"},"_links":{"self":[{"href":"https:\/\/laimincom.ee\/et\/wp-json\/wp\/v2\/product\/10811","targetHints":{"allow":["GET"]}}],"collection":[{"href":"https:\/\/laimincom.ee\/et\/wp-json\/wp\/v2\/product"}],"about":[{"href":"https:\/\/laimincom.ee\/et\/wp-json\/wp\/v2\/types\/product"}],"wp:featuredmedia":[{"embeddable":true,"href":"https:\/\/laimincom.ee\/et\/wp-json\/wp\/v2\/media\/1684"}],"wp:attachment":[{"href":"https:\/\/laimincom.ee\/et\/wp-json\/wp\/v2\/media?parent=10811"}],"wp:term":[{"taxonomy":"product_cat","embeddable":true,"href":"https:\/\/laimincom.ee\/et\/wp-json\/wp\/v2\/product_cat?post=10811"},{"taxonomy":"product_tag","embeddable":true,"href":"https:\/\/laimincom.ee\/et\/wp-json\/wp\/v2\/product_tag?post=10811"}],"curies":[{"name":"wp","href":"https:\/\/api.w.org\/{rel}","templated":true}]}}