{"id":10809,"date":"2023-01-25T12:22:54","date_gmt":"2023-01-25T12:22:54","guid":{"rendered":"https:\/\/laimincom.ee\/toode\/indoor-stand-for-posters-with-hooks-totem\/"},"modified":"2024-01-18T08:37:21","modified_gmt":"2024-01-18T08:37:21","slug":"indoor-stand-for-posters-with-hooks-totem","status":"publish","type":"product","link":"https:\/\/laimincom.ee\/et\/toode\/indoor-stand-for-posters-with-hooks-totem\/","title":{"rendered":"2-poolne reklaamraam konksudega - TOTEM"},"content":{"rendered":"<p>Samuti on v\u00f5imalik tellida ka kahepoolne tahvel (M1972), 10mm\/15mm marker (M0248) ja 750 ml markeri eemaldusvahend (M0220).<\/p>","protected":false},"excerpt":{"rendered":"<p>Materjal: pulberv\u00e4rvitud teras. V\u00f5imalik igas RAL v\u00e4rvitoonis. Lisaks v\u00f5imalik tellida vastavalt kliendi soovidele kahepoolne pealmine infotahvel (erikujuline) koos logo, slogani jms. Kasutamiseks siseruumis.<\/p>","protected":false},"featured_media":1658,"template":"","meta":{"om_disable_all_campaigns":false,"inline_featured_image":false},"product_cat":[158],"product_tag":[],"class_list":{"0":"post-10809","1":"product","2":"type-product","3":"status-publish","4":"has-post-thumbnail","6":"product_cat-information-holders-metal-products","9":"first","10":"onbackorder","11":"taxable","12":"shipping-taxable","13":"purchasable","14":"product-type-simple"},"_links":{"self":[{"href":"https:\/\/laimincom.ee\/et\/wp-json\/wp\/v2\/product\/10809","targetHints":{"allow":["GET"]}}],"collection":[{"href":"https:\/\/laimincom.ee\/et\/wp-json\/wp\/v2\/product"}],"about":[{"href":"https:\/\/laimincom.ee\/et\/wp-json\/wp\/v2\/types\/product"}],"wp:featuredmedia":[{"embeddable":true,"href":"https:\/\/laimincom.ee\/et\/wp-json\/wp\/v2\/media\/1658"}],"wp:attachment":[{"href":"https:\/\/laimincom.ee\/et\/wp-json\/wp\/v2\/media?parent=10809"}],"wp:term":[{"taxonomy":"product_cat","embeddable":true,"href":"https:\/\/laimincom.ee\/et\/wp-json\/wp\/v2\/product_cat?post=10809"},{"taxonomy":"product_tag","embeddable":true,"href":"https:\/\/laimincom.ee\/et\/wp-json\/wp\/v2\/product_tag?post=10809"}],"curies":[{"name":"wp","href":"https:\/\/api.w.org\/{rel}","templated":true}]}}