{"id":10807,"date":"2023-01-25T12:22:54","date_gmt":"2023-01-25T12:22:54","guid":{"rendered":"https:\/\/laimincom.ee\/toode\/indoor-stand-telescopic\/"},"modified":"2024-03-28T08:54:04","modified_gmt":"2024-03-28T08:54:04","slug":"indoor-stand-telescopic","status":"publish","type":"product","link":"https:\/\/laimincom.ee\/et\/toode\/indoor-stand-telescopic\/","title":{"rendered":"Sisetingimustesse hoidik, reguleeritav"},"content":{"rendered":"","protected":false},"excerpt":{"rendered":"<p>Materjal: pulberv\u00e4rvitud teras. V\u00e4rv: k\u00f5ik RAL v\u00e4rvid. Maksimum k\u00f5rgus  \u00b13000 mm ja miinimum k\u00f5rgus  \u00b11700 mm. Sobib postritele ja plastiktaskutele laiusega kuni 594 mm ja k\u00f5rgusega 1800 mm. Ideaalne A2 suurusele postrile. Tugijalal 4 auku, mist\u00f5ttu on v\u00f5imalik kinnitada kogu toode laua\/aluse\/p\u00f5rand k\u00fclge. Ei sisalda taskut. Kliendide hulgas tuntud ka kui Bus-stop'id.<\/p>","protected":false},"featured_media":1632,"template":"","meta":{"om_disable_all_campaigns":false,"inline_featured_image":false},"product_cat":[158,49],"product_tag":[],"class_list":{"0":"post-10807","1":"product","2":"type-product","3":"status-publish","4":"has-post-thumbnail","6":"product_cat-information-holders-metal-products","7":"product_cat-hanging-accessories","10":"first","11":"onbackorder","12":"taxable","13":"shipping-taxable","14":"purchasable","15":"product-type-simple"},"_links":{"self":[{"href":"https:\/\/laimincom.ee\/et\/wp-json\/wp\/v2\/product\/10807","targetHints":{"allow":["GET"]}}],"collection":[{"href":"https:\/\/laimincom.ee\/et\/wp-json\/wp\/v2\/product"}],"about":[{"href":"https:\/\/laimincom.ee\/et\/wp-json\/wp\/v2\/types\/product"}],"wp:featuredmedia":[{"embeddable":true,"href":"https:\/\/laimincom.ee\/et\/wp-json\/wp\/v2\/media\/1632"}],"wp:attachment":[{"href":"https:\/\/laimincom.ee\/et\/wp-json\/wp\/v2\/media?parent=10807"}],"wp:term":[{"taxonomy":"product_cat","embeddable":true,"href":"https:\/\/laimincom.ee\/et\/wp-json\/wp\/v2\/product_cat?post=10807"},{"taxonomy":"product_tag","embeddable":true,"href":"https:\/\/laimincom.ee\/et\/wp-json\/wp\/v2\/product_tag?post=10807"}],"curies":[{"name":"wp","href":"https:\/\/api.w.org\/{rel}","templated":true}]}}