{"id":10804,"date":"2023-01-25T12:22:53","date_gmt":"2023-01-25T12:22:53","guid":{"rendered":"https:\/\/laimincom.ee\/toode\/cash-tray-opt\/"},"modified":"2025-08-06T12:22:26","modified_gmt":"2025-08-06T12:22:26","slug":"cash-tray-opt","status":"publish","type":"product","link":"https:\/\/laimincom.ee\/et\/toode\/cash-tray-opt\/","title":{"rendered":"Sularahaalus, OPT"},"content":{"rendered":"","protected":false},"excerpt":{"rendered":"<div>Klassikaline nelinurkne sularahaalus. Koosneb kahest osast, mille vahele saab asetada reklaams\u00f5numiga paberlehe. Alusel 4 libisemisvastase kummiga jalga.<\/div>\n<div>M\u00f5\u00f5dud: 205x170 mm, k\u00f5rgus 16 mm. Tr\u00fckiseala: 157x157 mm.<\/div>","protected":false},"featured_media":1596,"template":"","meta":{"om_disable_all_campaigns":false,"inline_featured_image":false},"product_cat":[157],"product_tag":[],"class_list":{"0":"post-10804","1":"product","2":"type-product","3":"status-publish","4":"has-post-thumbnail","6":"product_cat-other-acrylic-products","9":"first","10":"instock","11":"taxable","12":"shipping-taxable","13":"purchasable","14":"product-type-simple"},"_links":{"self":[{"href":"https:\/\/laimincom.ee\/et\/wp-json\/wp\/v2\/product\/10804","targetHints":{"allow":["GET"]}}],"collection":[{"href":"https:\/\/laimincom.ee\/et\/wp-json\/wp\/v2\/product"}],"about":[{"href":"https:\/\/laimincom.ee\/et\/wp-json\/wp\/v2\/types\/product"}],"wp:featuredmedia":[{"embeddable":true,"href":"https:\/\/laimincom.ee\/et\/wp-json\/wp\/v2\/media\/1596"}],"wp:attachment":[{"href":"https:\/\/laimincom.ee\/et\/wp-json\/wp\/v2\/media?parent=10804"}],"wp:term":[{"taxonomy":"product_cat","embeddable":true,"href":"https:\/\/laimincom.ee\/et\/wp-json\/wp\/v2\/product_cat?post=10804"},{"taxonomy":"product_tag","embeddable":true,"href":"https:\/\/laimincom.ee\/et\/wp-json\/wp\/v2\/product_tag?post=10804"}],"curies":[{"name":"wp","href":"https:\/\/api.w.org\/{rel}","templated":true}]}}