{"id":10803,"date":"2023-01-25T12:22:53","date_gmt":"2023-01-25T12:22:53","guid":{"rendered":"https:\/\/laimincom.ee\/toode\/bottle-holder-2\/"},"modified":"2024-01-15T11:53:20","modified_gmt":"2024-01-15T11:53:20","slug":"bottle-holder-2","status":"publish","type":"product","link":"https:\/\/laimincom.ee\/et\/toode\/bottle-holder-2\/","title":{"rendered":"Pudelihoidja"},"content":{"rendered":"","protected":false},"excerpt":{"rendered":"<p>Valmistatud 5 mm paksusest akr\u00fc\u00fclist. V\u00f5imalik kasutada k\u00f5ikide standardsuuruses (0,75l) veini- ja \u0161ampusepudeli hoidmiseks.<\/p>","protected":false},"featured_media":1591,"template":"","meta":{"om_disable_all_campaigns":false,"inline_featured_image":false},"product_cat":[157],"product_tag":[],"class_list":{"0":"post-10803","1":"product","2":"type-product","3":"status-publish","4":"has-post-thumbnail","6":"product_cat-other-acrylic-products","9":"first","10":"onbackorder","11":"taxable","12":"shipping-taxable","13":"purchasable","14":"product-type-simple"},"_links":{"self":[{"href":"https:\/\/laimincom.ee\/et\/wp-json\/wp\/v2\/product\/10803","targetHints":{"allow":["GET"]}}],"collection":[{"href":"https:\/\/laimincom.ee\/et\/wp-json\/wp\/v2\/product"}],"about":[{"href":"https:\/\/laimincom.ee\/et\/wp-json\/wp\/v2\/types\/product"}],"wp:featuredmedia":[{"embeddable":true,"href":"https:\/\/laimincom.ee\/et\/wp-json\/wp\/v2\/media\/1591"}],"wp:attachment":[{"href":"https:\/\/laimincom.ee\/et\/wp-json\/wp\/v2\/media?parent=10803"}],"wp:term":[{"taxonomy":"product_cat","embeddable":true,"href":"https:\/\/laimincom.ee\/et\/wp-json\/wp\/v2\/product_cat?post=10803"},{"taxonomy":"product_tag","embeddable":true,"href":"https:\/\/laimincom.ee\/et\/wp-json\/wp\/v2\/product_tag?post=10803"}],"curies":[{"name":"wp","href":"https:\/\/api.w.org\/{rel}","templated":true}]}}