{"id":10800,"date":"2023-01-25T12:22:52","date_gmt":"2023-01-25T12:22:52","guid":{"rendered":"https:\/\/laimincom.ee\/toode\/file-tray\/"},"modified":"2025-07-11T12:03:47","modified_gmt":"2025-07-11T12:03:47","slug":"file-tray","status":"publish","type":"product","link":"https:\/\/laimincom.ee\/et\/toode\/file-tray\/","title":{"rendered":"Dokumendisahtel, l\u00e4bipaistev"},"content":{"rendered":"","protected":false},"excerpt":{"rendered":"<p>L\u00e4bipaistev dokumendisahtel A4. Suurus 68x 245x 345 mm. Dokumendisahtleid on v\u00f5imalik paigutada \u00fcksteise peale.<\/p>","protected":false},"featured_media":1578,"template":"","meta":{"om_disable_all_campaigns":false,"inline_featured_image":false},"product_cat":[77],"product_tag":[],"class_list":{"0":"post-10800","1":"product","2":"type-product","3":"status-publish","4":"has-post-thumbnail","6":"product_cat-file-trays","9":"first","10":"onbackorder","11":"taxable","12":"shipping-taxable","13":"purchasable","14":"product-type-simple"},"_links":{"self":[{"href":"https:\/\/laimincom.ee\/et\/wp-json\/wp\/v2\/product\/10800","targetHints":{"allow":["GET"]}}],"collection":[{"href":"https:\/\/laimincom.ee\/et\/wp-json\/wp\/v2\/product"}],"about":[{"href":"https:\/\/laimincom.ee\/et\/wp-json\/wp\/v2\/types\/product"}],"wp:featuredmedia":[{"embeddable":true,"href":"https:\/\/laimincom.ee\/et\/wp-json\/wp\/v2\/media\/1578"}],"wp:attachment":[{"href":"https:\/\/laimincom.ee\/et\/wp-json\/wp\/v2\/media?parent=10800"}],"wp:term":[{"taxonomy":"product_cat","embeddable":true,"href":"https:\/\/laimincom.ee\/et\/wp-json\/wp\/v2\/product_cat?post=10800"},{"taxonomy":"product_tag","embeddable":true,"href":"https:\/\/laimincom.ee\/et\/wp-json\/wp\/v2\/product_tag?post=10800"}],"curies":[{"name":"wp","href":"https:\/\/api.w.org\/{rel}","templated":true}]}}