{"id":10797,"date":"2023-01-25T12:22:52","date_gmt":"2023-01-25T12:22:52","guid":{"rendered":"https:\/\/laimincom.ee\/toode\/business-card-holder-4-section\/"},"modified":"2024-01-11T12:37:20","modified_gmt":"2024-01-11T12:37:20","slug":"business-card-holder-4-section","status":"publish","type":"product","link":"https:\/\/laimincom.ee\/et\/toode\/business-card-holder-4-section\/","title":{"rendered":"4-astmeline visiitkaardihoidik"},"content":{"rendered":"","protected":false},"excerpt":{"rendered":"<p>Horisontaalne visiitkaardihoidik nelja astmega. Sisemine m\u00f5\u00f5t (\u00fche tulba): 95x23 mm. T\u00e4ielik suurus: 100x125x145 mm.<\/p>","protected":false},"featured_media":1570,"template":"","meta":{"om_disable_all_campaigns":false,"inline_featured_image":false},"product_cat":[76],"product_tag":[],"class_list":{"0":"post-10797","1":"product","2":"type-product","3":"status-publish","4":"has-post-thumbnail","6":"product_cat-business-card-holders","9":"first","10":"onbackorder","11":"taxable","12":"shipping-taxable","13":"purchasable","14":"product-type-simple"},"_links":{"self":[{"href":"https:\/\/laimincom.ee\/et\/wp-json\/wp\/v2\/product\/10797","targetHints":{"allow":["GET"]}}],"collection":[{"href":"https:\/\/laimincom.ee\/et\/wp-json\/wp\/v2\/product"}],"about":[{"href":"https:\/\/laimincom.ee\/et\/wp-json\/wp\/v2\/types\/product"}],"wp:featuredmedia":[{"embeddable":true,"href":"https:\/\/laimincom.ee\/et\/wp-json\/wp\/v2\/media\/1570"}],"wp:attachment":[{"href":"https:\/\/laimincom.ee\/et\/wp-json\/wp\/v2\/media?parent=10797"}],"wp:term":[{"taxonomy":"product_cat","embeddable":true,"href":"https:\/\/laimincom.ee\/et\/wp-json\/wp\/v2\/product_cat?post=10797"},{"taxonomy":"product_tag","embeddable":true,"href":"https:\/\/laimincom.ee\/et\/wp-json\/wp\/v2\/product_tag?post=10797"}],"curies":[{"name":"wp","href":"https:\/\/api.w.org\/{rel}","templated":true}]}}