{"id":10794,"date":"2023-01-25T12:22:52","date_gmt":"2023-01-25T12:22:52","guid":{"rendered":"https:\/\/laimincom.ee\/toode\/two-sections-multipurpose-bh\/"},"modified":"2024-01-18T08:38:37","modified_gmt":"2024-01-18T08:38:37","slug":"two-sections-multipurpose-bh","status":"publish","type":"product","link":"https:\/\/laimincom.ee\/et\/toode\/two-sections-multipurpose-bh\/","title":{"rendered":"2-astmeline bro\u0161\u00fc\u00fcrihoidja"},"content":{"rendered":"","protected":false},"excerpt":{"rendered":"<p class=\" translation-block\">Mahutab<strong> A5<\/strong> bro\u0161\u00fc\u00fcre.<\/p>","protected":false},"featured_media":1556,"template":"","meta":{"om_disable_all_campaigns":false,"inline_featured_image":false},"product_cat":[72,73],"product_tag":[],"class_list":{"0":"post-10794","1":"product","2":"type-product","3":"status-publish","4":"has-post-thumbnail","6":"product_cat-for-tabel","7":"product_cat-for-wall","10":"first","11":"onbackorder","12":"taxable","13":"shipping-taxable","14":"purchasable","15":"product-type-simple"},"_links":{"self":[{"href":"https:\/\/laimincom.ee\/et\/wp-json\/wp\/v2\/product\/10794","targetHints":{"allow":["GET"]}}],"collection":[{"href":"https:\/\/laimincom.ee\/et\/wp-json\/wp\/v2\/product"}],"about":[{"href":"https:\/\/laimincom.ee\/et\/wp-json\/wp\/v2\/types\/product"}],"wp:featuredmedia":[{"embeddable":true,"href":"https:\/\/laimincom.ee\/et\/wp-json\/wp\/v2\/media\/1556"}],"wp:attachment":[{"href":"https:\/\/laimincom.ee\/et\/wp-json\/wp\/v2\/media?parent=10794"}],"wp:term":[{"taxonomy":"product_cat","embeddable":true,"href":"https:\/\/laimincom.ee\/et\/wp-json\/wp\/v2\/product_cat?post=10794"},{"taxonomy":"product_tag","embeddable":true,"href":"https:\/\/laimincom.ee\/et\/wp-json\/wp\/v2\/product_tag?post=10794"}],"curies":[{"name":"wp","href":"https:\/\/api.w.org\/{rel}","templated":true}]}}