{"id":10793,"date":"2023-01-25T12:22:52","date_gmt":"2023-01-25T12:22:52","guid":{"rendered":"https:\/\/laimincom.ee\/toode\/four-sections-side-by-side-multipurpose-bh\/"},"modified":"2024-01-18T08:38:37","modified_gmt":"2024-01-18T08:38:37","slug":"four-sections-side-by-side-multipurpose-bh","status":"publish","type":"product","link":"https:\/\/laimincom.ee\/et\/toode\/four-sections-side-by-side-multipurpose-bh\/","title":{"rendered":"4 lahtriga bro\u0161\u00fc\u00fcrihoidja lauale\/seinale"},"content":{"rendered":"<p>Laual kasutamiseks lisatakse spetsiaalne tugijalg.<\/p>","protected":false},"excerpt":{"rendered":"<p>Bro\u0161\u00fc\u00fcrihoidja saab kinnitada seinale v\u00f5i asetada lauale.<\/p>\n<p class=\" translation-block\">Mahutab neli <strong>A6 <\/strong>formaadis voldikut.<\/p>","protected":false},"featured_media":1553,"template":"","meta":{"om_disable_all_campaigns":false,"inline_featured_image":false},"product_cat":[72,73],"product_tag":[],"class_list":{"0":"post-10793","1":"product","2":"type-product","3":"status-publish","4":"has-post-thumbnail","6":"product_cat-for-tabel","7":"product_cat-for-wall","10":"first","11":"onbackorder","12":"taxable","13":"shipping-taxable","14":"purchasable","15":"product-type-simple"},"_links":{"self":[{"href":"https:\/\/laimincom.ee\/et\/wp-json\/wp\/v2\/product\/10793","targetHints":{"allow":["GET"]}}],"collection":[{"href":"https:\/\/laimincom.ee\/et\/wp-json\/wp\/v2\/product"}],"about":[{"href":"https:\/\/laimincom.ee\/et\/wp-json\/wp\/v2\/types\/product"}],"wp:featuredmedia":[{"embeddable":true,"href":"https:\/\/laimincom.ee\/et\/wp-json\/wp\/v2\/media\/1553"}],"wp:attachment":[{"href":"https:\/\/laimincom.ee\/et\/wp-json\/wp\/v2\/media?parent=10793"}],"wp:term":[{"taxonomy":"product_cat","embeddable":true,"href":"https:\/\/laimincom.ee\/et\/wp-json\/wp\/v2\/product_cat?post=10793"},{"taxonomy":"product_tag","embeddable":true,"href":"https:\/\/laimincom.ee\/et\/wp-json\/wp\/v2\/product_tag?post=10793"}],"curies":[{"name":"wp","href":"https:\/\/api.w.org\/{rel}","templated":true}]}}