{"id":10790,"date":"2023-01-25T12:22:51","date_gmt":"2023-01-25T12:22:51","guid":{"rendered":"https:\/\/laimincom.ee\/toode\/one-section-wall-mounted-bh-horizontal\/"},"modified":"2024-03-01T09:04:56","modified_gmt":"2024-03-01T09:04:56","slug":"one-section-wall-mounted-bh-horizontal","status":"publish","type":"product","link":"https:\/\/laimincom.ee\/et\/toode\/one-section-wall-mounted-bh-horizontal\/","title":{"rendered":"Horisontaalne bro\u0161\u00fc\u00fcrihoidja seinale"},"content":{"rendered":"<p>Hoidik sobib A4, 2xA5 v\u00f5i C6 (kahekordselt pooleks volditud A4 formaadis) lehe jaoks. Tagak\u00fcljel on seina k\u00fclge riputamiseks kruviaugud.<\/p>","protected":false},"excerpt":{"rendered":"<p class=\" translation-block\">Seinale kinnitatav bro\u0161\u00fc\u00fcrihoidja, horisontaalne. Suurus <strong> A4. <\/strong><\/p>","protected":false},"featured_media":1534,"template":"","meta":{"om_disable_all_campaigns":false,"inline_featured_image":false},"product_cat":[73],"product_tag":[],"class_list":{"0":"post-10790","1":"product","2":"type-product","3":"status-publish","4":"has-post-thumbnail","6":"product_cat-for-wall","9":"first","10":"instock","11":"taxable","12":"shipping-taxable","13":"purchasable","14":"product-type-simple"},"_links":{"self":[{"href":"https:\/\/laimincom.ee\/et\/wp-json\/wp\/v2\/product\/10790","targetHints":{"allow":["GET"]}}],"collection":[{"href":"https:\/\/laimincom.ee\/et\/wp-json\/wp\/v2\/product"}],"about":[{"href":"https:\/\/laimincom.ee\/et\/wp-json\/wp\/v2\/types\/product"}],"wp:featuredmedia":[{"embeddable":true,"href":"https:\/\/laimincom.ee\/et\/wp-json\/wp\/v2\/media\/1534"}],"wp:attachment":[{"href":"https:\/\/laimincom.ee\/et\/wp-json\/wp\/v2\/media?parent=10790"}],"wp:term":[{"taxonomy":"product_cat","embeddable":true,"href":"https:\/\/laimincom.ee\/et\/wp-json\/wp\/v2\/product_cat?post=10790"},{"taxonomy":"product_tag","embeddable":true,"href":"https:\/\/laimincom.ee\/et\/wp-json\/wp\/v2\/product_tag?post=10790"}],"curies":[{"name":"wp","href":"https:\/\/api.w.org\/{rel}","templated":true}]}}