{"id":10789,"date":"2023-01-25T12:22:51","date_gmt":"2023-01-25T12:22:51","guid":{"rendered":"https:\/\/laimincom.ee\/toode\/three-sections-side-by-side-table-top-bh\/"},"modified":"2024-01-18T08:38:37","modified_gmt":"2024-01-18T08:38:37","slug":"three-sections-side-by-side-table-top-bh","status":"publish","type":"product","link":"https:\/\/laimincom.ee\/et\/toode\/three-sections-side-by-side-table-top-bh\/","title":{"rendered":"Kolme lahtriga bro\u0161\u00fc\u00fcrihoidja lauale"},"content":{"rendered":"","protected":false},"excerpt":{"rendered":"<p class=\" translation-block\">Bro\u0161\u00fc\u00fcrihoidjat saab kinnitada seinale v\u00f5i asetada lauale. Suurus <strong> A6. <\/strong><\/p>","protected":false},"featured_media":1530,"template":"","meta":{"om_disable_all_campaigns":false,"inline_featured_image":false},"product_cat":[72,73],"product_tag":[],"class_list":{"0":"post-10789","1":"product","2":"type-product","3":"status-publish","4":"has-post-thumbnail","6":"product_cat-for-tabel","7":"product_cat-for-wall","10":"first","11":"onbackorder","12":"taxable","13":"shipping-taxable","14":"purchasable","15":"product-type-simple"},"_links":{"self":[{"href":"https:\/\/laimincom.ee\/et\/wp-json\/wp\/v2\/product\/10789","targetHints":{"allow":["GET"]}}],"collection":[{"href":"https:\/\/laimincom.ee\/et\/wp-json\/wp\/v2\/product"}],"about":[{"href":"https:\/\/laimincom.ee\/et\/wp-json\/wp\/v2\/types\/product"}],"wp:featuredmedia":[{"embeddable":true,"href":"https:\/\/laimincom.ee\/et\/wp-json\/wp\/v2\/media\/1530"}],"wp:attachment":[{"href":"https:\/\/laimincom.ee\/et\/wp-json\/wp\/v2\/media?parent=10789"}],"wp:term":[{"taxonomy":"product_cat","embeddable":true,"href":"https:\/\/laimincom.ee\/et\/wp-json\/wp\/v2\/product_cat?post=10789"},{"taxonomy":"product_tag","embeddable":true,"href":"https:\/\/laimincom.ee\/et\/wp-json\/wp\/v2\/product_tag?post=10789"}],"curies":[{"name":"wp","href":"https:\/\/api.w.org\/{rel}","templated":true}]}}