{"id":10785,"date":"2023-01-25T12:22:51","date_gmt":"2023-01-25T12:22:51","guid":{"rendered":"https:\/\/laimincom.ee\/toode\/two-sections-table-top-bh-with-back-part\/"},"modified":"2024-01-18T08:38:38","modified_gmt":"2024-01-18T08:38:38","slug":"two-sections-table-top-bh-with-back-part","status":"publish","type":"product","link":"https:\/\/laimincom.ee\/et\/toode\/two-sections-table-top-bh-with-back-part\/","title":{"rendered":"K\u00f5rge tagusega 2-astmeline bro\u0161\u00fc\u00fcrihoidja"},"content":{"rendered":"","protected":false},"excerpt":{"rendered":"<p class=\" translation-block\">Kahe astmeline bro\u0161\u00fc\u00fcrihoidja, k\u00f5rge tagaosaga. Suurus <strong> A6. <\/strong><\/p>","protected":false},"featured_media":1517,"template":"","meta":{"om_disable_all_campaigns":false,"inline_featured_image":false},"product_cat":[72],"product_tag":[],"class_list":{"0":"post-10785","1":"product","2":"type-product","3":"status-publish","4":"has-post-thumbnail","6":"product_cat-for-tabel","9":"first","10":"onbackorder","11":"taxable","12":"shipping-taxable","13":"purchasable","14":"product-type-simple"},"_links":{"self":[{"href":"https:\/\/laimincom.ee\/et\/wp-json\/wp\/v2\/product\/10785","targetHints":{"allow":["GET"]}}],"collection":[{"href":"https:\/\/laimincom.ee\/et\/wp-json\/wp\/v2\/product"}],"about":[{"href":"https:\/\/laimincom.ee\/et\/wp-json\/wp\/v2\/types\/product"}],"wp:featuredmedia":[{"embeddable":true,"href":"https:\/\/laimincom.ee\/et\/wp-json\/wp\/v2\/media\/1517"}],"wp:attachment":[{"href":"https:\/\/laimincom.ee\/et\/wp-json\/wp\/v2\/media?parent=10785"}],"wp:term":[{"taxonomy":"product_cat","embeddable":true,"href":"https:\/\/laimincom.ee\/et\/wp-json\/wp\/v2\/product_cat?post=10785"},{"taxonomy":"product_tag","embeddable":true,"href":"https:\/\/laimincom.ee\/et\/wp-json\/wp\/v2\/product_tag?post=10785"}],"curies":[{"name":"wp","href":"https:\/\/api.w.org\/{rel}","templated":true}]}}