{"id":10778,"date":"2023-01-25T12:22:50","date_gmt":"2023-01-25T12:22:50","guid":{"rendered":"https:\/\/laimincom.ee\/?post_type=product&#038;p=10778"},"modified":"2026-03-02T10:06:24","modified_gmt":"2026-03-02T10:06:24","slug":"dennison-textile-pistol-fastener-thin-clips","status":"publish","type":"product","link":"https:\/\/laimincom.ee\/et\/toode\/dennison-textile-pistol-fastener-thin-clips\/","title":{"rendered":"Tekstiilip\u00fcstoli Dennison kinnitus, \u00f5huke."},"content":{"rendered":"","protected":false},"excerpt":{"rendered":"<p>Sobib Dennison 10312-0 tekstiilip\u00fcstolile.<\/p>\n<p>Pakk sisaldab 10 000 tk. Pikkus: 25 mm.<\/p>","protected":false},"featured_media":1422,"template":"","meta":{"om_disable_all_campaigns":false,"inline_featured_image":false},"product_cat":[46],"product_tag":[],"class_list":{"0":"post-10778","1":"product","2":"type-product","3":"status-publish","4":"has-post-thumbnail","6":"product_cat-textile-guns","9":"first","10":"onbackorder","11":"taxable","12":"shipping-taxable","13":"purchasable","14":"product-type-simple"},"_links":{"self":[{"href":"https:\/\/laimincom.ee\/et\/wp-json\/wp\/v2\/product\/10778","targetHints":{"allow":["GET"]}}],"collection":[{"href":"https:\/\/laimincom.ee\/et\/wp-json\/wp\/v2\/product"}],"about":[{"href":"https:\/\/laimincom.ee\/et\/wp-json\/wp\/v2\/types\/product"}],"wp:featuredmedia":[{"embeddable":true,"href":"https:\/\/laimincom.ee\/et\/wp-json\/wp\/v2\/media\/1422"}],"wp:attachment":[{"href":"https:\/\/laimincom.ee\/et\/wp-json\/wp\/v2\/media?parent=10778"}],"wp:term":[{"taxonomy":"product_cat","embeddable":true,"href":"https:\/\/laimincom.ee\/et\/wp-json\/wp\/v2\/product_cat?post=10778"},{"taxonomy":"product_tag","embeddable":true,"href":"https:\/\/laimincom.ee\/et\/wp-json\/wp\/v2\/product_tag?post=10778"}],"curies":[{"name":"wp","href":"https:\/\/api.w.org\/{rel}","templated":true}]}}