{"id":10774,"date":"2023-01-25T12:22:49","date_gmt":"2023-01-25T12:22:49","guid":{"rendered":"https:\/\/laimincom.ee\/toode\/white-printing-ribbon\/"},"modified":"2024-01-18T08:43:37","modified_gmt":"2024-01-18T08:43:37","slug":"white-printing-ribbon","status":"publish","type":"product","link":"https:\/\/laimincom.ee\/et\/toode\/white-printing-ribbon\/","title":{"rendered":"Valge printimislint"},"content":{"rendered":"","protected":false},"excerpt":{"rendered":"<p>Mitmev\u00e4rviline (v\u00f5imaldab printida v\u00e4rvilist teksti \/pilti) lint Edikio Duplex printeri jaoks.<\/p>\n<p>\u00dchest lindist saab tr\u00fckkida 1000 \u00fchepoolset v\u00f5i 500 kahepoolset kaarti.<\/p>","protected":false},"featured_media":1394,"template":"","meta":{"om_disable_all_campaigns":false,"inline_featured_image":false},"product_cat":[44],"product_tag":[],"class_list":{"0":"post-10774","1":"product","2":"type-product","3":"status-publish","4":"has-post-thumbnail","6":"product_cat-edikio-price-tag-printer","9":"first","10":"onbackorder","11":"taxable","12":"shipping-taxable","13":"purchasable","14":"product-type-simple"},"_links":{"self":[{"href":"https:\/\/laimincom.ee\/et\/wp-json\/wp\/v2\/product\/10774","targetHints":{"allow":["GET"]}}],"collection":[{"href":"https:\/\/laimincom.ee\/et\/wp-json\/wp\/v2\/product"}],"about":[{"href":"https:\/\/laimincom.ee\/et\/wp-json\/wp\/v2\/types\/product"}],"wp:featuredmedia":[{"embeddable":true,"href":"https:\/\/laimincom.ee\/et\/wp-json\/wp\/v2\/media\/1394"}],"wp:attachment":[{"href":"https:\/\/laimincom.ee\/et\/wp-json\/wp\/v2\/media?parent=10774"}],"wp:term":[{"taxonomy":"product_cat","embeddable":true,"href":"https:\/\/laimincom.ee\/et\/wp-json\/wp\/v2\/product_cat?post=10774"},{"taxonomy":"product_tag","embeddable":true,"href":"https:\/\/laimincom.ee\/et\/wp-json\/wp\/v2\/product_tag?post=10774"}],"curies":[{"name":"wp","href":"https:\/\/api.w.org\/{rel}","templated":true}]}}