{"id":10773,"date":"2023-01-25T12:22:49","date_gmt":"2023-01-25T12:22:49","guid":{"rendered":"https:\/\/laimincom.ee\/toode\/edikio-price-tag-duplex\/"},"modified":"2024-01-15T12:18:27","modified_gmt":"2024-01-15T12:18:27","slug":"edikio-price-tag-duplex","status":"publish","type":"product","link":"https:\/\/laimincom.ee\/et\/toode\/edikio-price-tag-duplex\/","title":{"rendered":"Edikio Duplex - hinnasildi printer"},"content":{"rendered":"<p>Komplekt sisaldab:<\/p>\n<ul>\n<li><strong>1 x Edikio Duplex printer \u2013<\/strong> \u00fche- v\u00f5i kahepoolne printimine, kas krediitkaardile v\u00f5i pikale kaardile. Printerit on sama lihtne kasutada, kui tavap\u00e4rast kontoriprinterit.<\/li>\n<li><strong>1 x Edikio tarkvara \u2013 USB m\u00e4lupulk <\/strong>siltide ja v\u00e4ljatr\u00fckkide loomiseks. Sisaldab \u00fcle 350 pildifaili, samuti valmiskujul v\u00e4ljatr\u00fckkide p\u00f5hjasid. V\u00f5imalik importida Exceli failist andmeid \u00fcle Edikio tarkvarasse, samuti andmete automaatne v\u00e4rskendamine ja sorteerimine kategooriate kaupa. Sisaldab loetamatul hulgal erinevaid fonte, sh eksklusiivset k\u00e4sikirja Edikio Chalk fonti, mis n\u00e4eb v\u00e4lja nagu k\u00e4sitsi kriidiga kirjutatu.<\/li>\n<li><strong>USB juhe (1.80 m)<\/strong><\/li>\n<li><strong>1 x valge printimislint<\/strong> kuni 1000 v\u00e4ljatr\u00fcki jaoks.<\/li>\n<li><strong>PVC kaardid - <\/strong>mis sobivad ideaalselt kasutamiseks toidukeskkonnas ja on lihtsasti puhastatavad, 200 tk mustad CR80 m\u00f5\u00f5dus.<\/li>\n<li>Esmane<strong> puhastuskomplekt.\u00a0<\/strong><\/li>\n<li><strong>Toitejuhe.<\/strong><\/li>\n<\/ul>\n<p><iframe title=\"Evolis Edikio hinnasildi printer.\" width=\"640\" height=\"360\" src=\"https:\/\/www.youtube.com\/embed\/lWWktgxY1Dc?feature=oembed\" frameborder=\"0\" allow=\"accelerometer; autoplay; clipboard-write; encrypted-media; gyroscope; picture-in-picture; web-share\" referrerpolicy=\"strict-origin-when-cross-origin\" allowfullscreen><\/iframe><\/p>","protected":false},"excerpt":{"rendered":"<p>Edikio Duplex on k\u00f5ik-\u00fches lahendus plastikkaartidele ilusa hinnasildi printimiseks. - v\u00f5imalik kohapeal hinnasilte kujundada ja tr\u00fckkida vastvalt oma vajadustele vastavalt. Sobib ideaalselt kahe- kui ka \u00fchepoolsete \u00fchev\u00e4rviliste v\u00f5i v\u00e4rviliste siltide printimiseks.<\/p>\n<p>Kahepoolse sildi saab prinditud ca 15 sekundiga. Kompaktne printer, mis v\u00f5tab teie laual v\u00e4he ruumi. LCD puuteekraaniga, mis tagab mugava kasutamise. Plastikkaardid on vastupidavad ja sobivad kasutamiseks koos toiduainetega (nt pagari-, kala- ja ka lihatoodetega). 200 musta CR80 (krediitkaardi m\u00f5\u00f5dus) plastikkaarti.<\/p>","protected":false},"featured_media":1365,"template":"","meta":{"om_disable_all_campaigns":false,"inline_featured_image":false},"product_cat":[1342,44],"product_tag":[],"class_list":{"0":"post-10773","1":"product","2":"type-product","3":"status-publish","4":"has-post-thumbnail","6":"product_cat-retail-supplies","7":"product_cat-edikio-price-tag-printer","10":"first","11":"onbackorder","12":"taxable","13":"shipping-taxable","14":"purchasable","15":"product-type-simple"},"_links":{"self":[{"href":"https:\/\/laimincom.ee\/et\/wp-json\/wp\/v2\/product\/10773","targetHints":{"allow":["GET"]}}],"collection":[{"href":"https:\/\/laimincom.ee\/et\/wp-json\/wp\/v2\/product"}],"about":[{"href":"https:\/\/laimincom.ee\/et\/wp-json\/wp\/v2\/types\/product"}],"wp:featuredmedia":[{"embeddable":true,"href":"https:\/\/laimincom.ee\/et\/wp-json\/wp\/v2\/media\/1365"}],"wp:attachment":[{"href":"https:\/\/laimincom.ee\/et\/wp-json\/wp\/v2\/media?parent=10773"}],"wp:term":[{"taxonomy":"product_cat","embeddable":true,"href":"https:\/\/laimincom.ee\/et\/wp-json\/wp\/v2\/product_cat?post=10773"},{"taxonomy":"product_tag","embeddable":true,"href":"https:\/\/laimincom.ee\/et\/wp-json\/wp\/v2\/product_tag?post=10773"}],"curies":[{"name":"wp","href":"https:\/\/api.w.org\/{rel}","templated":true}]}}