{"id":10769,"date":"2023-01-25T12:22:49","date_gmt":"2023-01-25T12:22:49","guid":{"rendered":"https:\/\/laimincom.ee\/toode\/large-clasp-pin\/"},"modified":"2024-01-18T08:43:37","modified_gmt":"2024-01-18T08:43:37","slug":"large-clasp-pin","status":"publish","type":"product","link":"https:\/\/laimincom.ee\/et\/toode\/large-clasp-pin\/","title":{"rendered":"Suure n\u00e4pitsaga hoidik"},"content":{"rendered":"","protected":false},"excerpt":{"rendered":"<p>Torule l\u00e4bim\u00f5\u00f5duga 32 mm.<\/p>","protected":false},"featured_media":1286,"template":"","meta":{"om_disable_all_campaigns":false,"inline_featured_image":false},"product_cat":[63],"product_tag":[],"class_list":{"0":"post-10769","1":"product","2":"type-product","3":"status-publish","4":"has-post-thumbnail","6":"product_cat-accessories","9":"first","10":"onbackorder","11":"taxable","12":"shipping-taxable","13":"purchasable","14":"product-type-simple"},"_links":{"self":[{"href":"https:\/\/laimincom.ee\/et\/wp-json\/wp\/v2\/product\/10769","targetHints":{"allow":["GET"]}}],"collection":[{"href":"https:\/\/laimincom.ee\/et\/wp-json\/wp\/v2\/product"}],"about":[{"href":"https:\/\/laimincom.ee\/et\/wp-json\/wp\/v2\/types\/product"}],"wp:featuredmedia":[{"embeddable":true,"href":"https:\/\/laimincom.ee\/et\/wp-json\/wp\/v2\/media\/1286"}],"wp:attachment":[{"href":"https:\/\/laimincom.ee\/et\/wp-json\/wp\/v2\/media?parent=10769"}],"wp:term":[{"taxonomy":"product_cat","embeddable":true,"href":"https:\/\/laimincom.ee\/et\/wp-json\/wp\/v2\/product_cat?post=10769"},{"taxonomy":"product_tag","embeddable":true,"href":"https:\/\/laimincom.ee\/et\/wp-json\/wp\/v2\/product_tag?post=10769"}],"curies":[{"name":"wp","href":"https:\/\/api.w.org\/{rel}","templated":true}]}}