{"id":10744,"date":"2023-01-25T12:22:46","date_gmt":"2023-01-25T12:22:46","guid":{"rendered":"https:\/\/laimincom.ee\/toode\/info-holder-for-label-holder\/"},"modified":"2023-07-17T08:49:09","modified_gmt":"2023-07-17T08:49:09","slug":"info-holder-for-label-holder","status":"publish","type":"product","link":"https:\/\/laimincom.ee\/et\/toode\/info-holder-for-label-holder\/","title":{"rendered":"SEP hoidik sedelihoidikule 40*60 mm"},"content":{"rendered":"<p>\u00dchepoolne (va l\u00e4bipaistva tasku puhul) hoidik kaitseb silte ja lisab tugevust. Koosneb kahest osast, \u00fclemisest osast (taskust) ja alumisest l\u00e4bipaistvast osast (PVC kinnitusribast).<\/p>","protected":false},"excerpt":{"rendered":"<p>Valmistame vastavalt soovitud m\u00f5\u00f5tudele ja v\u00e4rvile.<\/p>\n<p>Tasku on alt avatav ning v\u00f5imalik valida erinevate k\u00f5rguste vahel: 32, 40, 52 ja 60 mm. Valikus on erinevat v\u00e4rvi (sh l\u00e4bipaistev) taskuid. Alumine PVC osa, mida on mugav sedelihoidiku vahele libistada. K\u00f5rgus vastavalt soovile.<\/p>\n<p>Populaarsed suurused 40 x 60 mm and 40 x 100 mm.<\/p>","protected":false},"featured_media":916,"template":"","meta":{"om_disable_all_campaigns":false,"inline_featured_image":false},"product_cat":[64],"product_tag":[],"class_list":{"0":"post-10744","1":"product","2":"type-product","3":"status-publish","4":"has-post-thumbnail","6":"product_cat-information-holders","9":"first","10":"instock","11":"taxable","12":"shipping-taxable","13":"purchasable","14":"product-type-simple"},"_links":{"self":[{"href":"https:\/\/laimincom.ee\/et\/wp-json\/wp\/v2\/product\/10744","targetHints":{"allow":["GET"]}}],"collection":[{"href":"https:\/\/laimincom.ee\/et\/wp-json\/wp\/v2\/product"}],"about":[{"href":"https:\/\/laimincom.ee\/et\/wp-json\/wp\/v2\/types\/product"}],"wp:featuredmedia":[{"embeddable":true,"href":"https:\/\/laimincom.ee\/et\/wp-json\/wp\/v2\/media\/916"}],"wp:attachment":[{"href":"https:\/\/laimincom.ee\/et\/wp-json\/wp\/v2\/media?parent=10744"}],"wp:term":[{"taxonomy":"product_cat","embeddable":true,"href":"https:\/\/laimincom.ee\/et\/wp-json\/wp\/v2\/product_cat?post=10744"},{"taxonomy":"product_tag","embeddable":true,"href":"https:\/\/laimincom.ee\/et\/wp-json\/wp\/v2\/product_tag?post=10744"}],"curies":[{"name":"wp","href":"https:\/\/api.w.org\/{rel}","templated":true}]}}