{"id":10737,"date":"2023-01-25T12:22:45","date_gmt":"2023-01-25T12:22:45","guid":{"rendered":"https:\/\/laimincom.ee\/toode\/pvc-information-holder-with-magnet\/"},"modified":"2024-01-18T08:52:39","modified_gmt":"2024-01-18T08:52:39","slug":"pvc-information-holder-with-magnet","status":"publish","type":"product","link":"https:\/\/laimincom.ee\/et\/toode\/pvc-information-holder-with-magnet\/","title":{"rendered":"PVC infohoidik magnetiga, 324 mmx239 mm,"},"content":{"rendered":"","protected":false},"excerpt":{"rendered":"<p>Suurus: 324x239 mm, \u00e4\u00e4r 12 mm (sobib A4 paberi jaoks). V\u00e4rv: RAL 5019 Capriblau.<\/p>\n<p><strong>Toodet valmistatakse vaid tellimusel (eritellimus).<\/strong><\/p>","protected":false},"featured_media":864,"template":"","meta":{"om_disable_all_campaigns":false,"inline_featured_image":false},"product_cat":[64],"product_tag":[],"class_list":{"0":"post-10737","1":"product","2":"type-product","3":"status-publish","4":"has-post-thumbnail","6":"product_cat-information-holders","9":"first","10":"onbackorder","11":"taxable","12":"shipping-taxable","13":"purchasable","14":"product-type-simple"},"_links":{"self":[{"href":"https:\/\/laimincom.ee\/et\/wp-json\/wp\/v2\/product\/10737","targetHints":{"allow":["GET"]}}],"collection":[{"href":"https:\/\/laimincom.ee\/et\/wp-json\/wp\/v2\/product"}],"about":[{"href":"https:\/\/laimincom.ee\/et\/wp-json\/wp\/v2\/types\/product"}],"wp:featuredmedia":[{"embeddable":true,"href":"https:\/\/laimincom.ee\/et\/wp-json\/wp\/v2\/media\/864"}],"wp:attachment":[{"href":"https:\/\/laimincom.ee\/et\/wp-json\/wp\/v2\/media?parent=10737"}],"wp:term":[{"taxonomy":"product_cat","embeddable":true,"href":"https:\/\/laimincom.ee\/et\/wp-json\/wp\/v2\/product_cat?post=10737"},{"taxonomy":"product_tag","embeddable":true,"href":"https:\/\/laimincom.ee\/et\/wp-json\/wp\/v2\/product_tag?post=10737"}],"curies":[{"name":"wp","href":"https:\/\/api.w.org\/{rel}","templated":true}]}}