{"id":10732,"date":"2023-01-25T12:22:45","date_gmt":"2023-01-25T12:22:45","guid":{"rendered":"https:\/\/laimincom.ee\/toode\/buc-with-flexible-frame-holder\/"},"modified":"2025-05-21T07:25:52","modified_gmt":"2025-05-21T07:25:52","slug":"buc-with-flexible-frame-holder","status":"publish","type":"product","link":"https:\/\/laimincom.ee\/et\/toode\/buc-with-flexible-frame-holder\/","title":{"rendered":"Suur universaalne n\u00e4pits ja paindlik raamikinnitus"},"content":{"rendered":"<p>Ideaalne ja stabiilne l\u00e4bipaistev klamber, mis kinnitatakse alustele, korvidele, erinevatele kastidele jne.<\/p>","protected":false},"excerpt":{"rendered":"<p>L\u00e4bipaistev kinnitus stendidele, korvidele, kastidele jne. Sobib kuni 38 mm \u00e4\u00e4rele v\u00f5i \u00d833 mm torule. Saab muuta kaldenurka kuni 180\u00b0.<\/p>","protected":false},"featured_media":571,"template":"","meta":{"om_disable_all_campaigns":false,"inline_featured_image":false},"product_cat":[113],"product_tag":[],"class_list":{"0":"post-10732","1":"product","2":"type-product","3":"status-publish","4":"has-post-thumbnail","6":"product_cat-clamps","9":"first","10":"instock","11":"taxable","12":"shipping-taxable","13":"purchasable","14":"product-type-simple"},"_links":{"self":[{"href":"https:\/\/laimincom.ee\/et\/wp-json\/wp\/v2\/product\/10732","targetHints":{"allow":["GET"]}}],"collection":[{"href":"https:\/\/laimincom.ee\/et\/wp-json\/wp\/v2\/product"}],"about":[{"href":"https:\/\/laimincom.ee\/et\/wp-json\/wp\/v2\/types\/product"}],"wp:featuredmedia":[{"embeddable":true,"href":"https:\/\/laimincom.ee\/et\/wp-json\/wp\/v2\/media\/571"}],"wp:attachment":[{"href":"https:\/\/laimincom.ee\/et\/wp-json\/wp\/v2\/media?parent=10732"}],"wp:term":[{"taxonomy":"product_cat","embeddable":true,"href":"https:\/\/laimincom.ee\/et\/wp-json\/wp\/v2\/product_cat?post=10732"},{"taxonomy":"product_tag","embeddable":true,"href":"https:\/\/laimincom.ee\/et\/wp-json\/wp\/v2\/product_tag?post=10732"}],"curies":[{"name":"wp","href":"https:\/\/api.w.org\/{rel}","templated":true}]}}