{"id":10731,"date":"2023-01-25T12:22:44","date_gmt":"2023-01-25T12:22:44","guid":{"rendered":"https:\/\/laimincom.ee\/toode\/buc-with-t-piece\/"},"modified":"2025-05-21T07:29:48","modified_gmt":"2025-05-21T07:29:48","slug":"buc-with-t-piece","status":"publish","type":"product","link":"https:\/\/laimincom.ee\/et\/toode\/buc-with-t-piece\/","title":{"rendered":"Suur universaalne n\u00e4pits ja T-kujuline raamikinnitus"},"content":{"rendered":"<p>Ideaalne ja stabiilne l\u00e4bipaistev klamber T-kujulise raamikinnitusega, mis kinnitatakse alustele, korvidele, erinevatele kastidele jne.<\/p>","protected":false},"excerpt":{"rendered":"<p>L\u00e4bipaistev kinnitus stendidele, korvidele, kastidele jne. Sobib kuni 38 mm \u00e4\u00e4rele v\u00f5i \u00d833 mm torule.<\/p>","protected":false},"featured_media":567,"template":"","meta":{"om_disable_all_campaigns":false,"inline_featured_image":false},"product_cat":[40,113],"product_tag":[],"class_list":{"0":"post-10731","1":"product","2":"type-product","3":"status-publish","4":"has-post-thumbnail","6":"product_cat-plastic-showcard-frames","7":"product_cat-clamps","10":"first","11":"instock","12":"taxable","13":"shipping-taxable","14":"purchasable","15":"product-type-simple"},"_links":{"self":[{"href":"https:\/\/laimincom.ee\/et\/wp-json\/wp\/v2\/product\/10731","targetHints":{"allow":["GET"]}}],"collection":[{"href":"https:\/\/laimincom.ee\/et\/wp-json\/wp\/v2\/product"}],"about":[{"href":"https:\/\/laimincom.ee\/et\/wp-json\/wp\/v2\/types\/product"}],"wp:featuredmedia":[{"embeddable":true,"href":"https:\/\/laimincom.ee\/et\/wp-json\/wp\/v2\/media\/567"}],"wp:attachment":[{"href":"https:\/\/laimincom.ee\/et\/wp-json\/wp\/v2\/media?parent=10731"}],"wp:term":[{"taxonomy":"product_cat","embeddable":true,"href":"https:\/\/laimincom.ee\/et\/wp-json\/wp\/v2\/product_cat?post=10731"},{"taxonomy":"product_tag","embeddable":true,"href":"https:\/\/laimincom.ee\/et\/wp-json\/wp\/v2\/product_tag?post=10731"}],"curies":[{"name":"wp","href":"https:\/\/api.w.org\/{rel}","templated":true}]}}