{"id":10727,"date":"2023-01-25T12:22:44","date_gmt":"2023-01-25T12:22:44","guid":{"rendered":"https:\/\/laimincom.ee\/toode\/clamp-with-flexible-angle-frame-fastener\/"},"modified":"2025-06-03T10:53:16","modified_gmt":"2025-06-03T10:53:16","slug":"clamp-with-flexible-angle-frame-fastener","status":"publish","type":"product","link":"https:\/\/laimincom.ee\/et\/toode\/clamp-with-flexible-angle-frame-fastener\/","title":{"rendered":"Raamihoidja kastile"},"content":{"rendered":"<p>L\u00e4bipaistvat plastikust raamihoidikut saab kinnitada riiulite, kastide k\u00fclge informatsiooni esitamiseks. Hoidikusse sobivad erineva suurusega plastikraamid.<\/p>","protected":false},"excerpt":{"rendered":"<p>Muudetava kaldenurgaga klamber kuni 10 mm \u00e4\u00e4rele. N\u00e4pitsa ja hoidiku pikkus on 91 mm.<\/p>","protected":false},"featured_media":503,"template":"","meta":{"om_disable_all_campaigns":false,"inline_featured_image":false},"product_cat":[113],"product_tag":[],"class_list":{"0":"post-10727","1":"product","2":"type-product","3":"status-publish","4":"has-post-thumbnail","6":"product_cat-clamps","9":"first","10":"instock","11":"taxable","12":"shipping-taxable","13":"purchasable","14":"product-type-simple"},"_links":{"self":[{"href":"https:\/\/laimincom.ee\/et\/wp-json\/wp\/v2\/product\/10727","targetHints":{"allow":["GET"]}}],"collection":[{"href":"https:\/\/laimincom.ee\/et\/wp-json\/wp\/v2\/product"}],"about":[{"href":"https:\/\/laimincom.ee\/et\/wp-json\/wp\/v2\/types\/product"}],"wp:featuredmedia":[{"embeddable":true,"href":"https:\/\/laimincom.ee\/et\/wp-json\/wp\/v2\/media\/503"}],"wp:attachment":[{"href":"https:\/\/laimincom.ee\/et\/wp-json\/wp\/v2\/media?parent=10727"}],"wp:term":[{"taxonomy":"product_cat","embeddable":true,"href":"https:\/\/laimincom.ee\/et\/wp-json\/wp\/v2\/product_cat?post=10727"},{"taxonomy":"product_tag","embeddable":true,"href":"https:\/\/laimincom.ee\/et\/wp-json\/wp\/v2\/product_tag?post=10727"}],"curies":[{"name":"wp","href":"https:\/\/api.w.org\/{rel}","templated":true}]}}