{"id":10725,"date":"2023-01-25T12:22:44","date_gmt":"2023-01-25T12:22:44","guid":{"rendered":"https:\/\/laimincom.ee\/toode\/base-90-support-clip\/"},"modified":"2024-03-06T08:13:05","modified_gmt":"2024-03-06T08:13:05","slug":"base-90-support-clip","status":"publish","type":"product","link":"https:\/\/laimincom.ee\/et\/toode\/base-90-support-clip\/","title":{"rendered":"Raamitugi lauale, 90\u00b0"},"content":{"rendered":"<p>Parim, kui seda kasutatakse koos raamidega kuni A3. M\u00f5\u00f5dud: pikkus 100 mm, k\u00f5rgus 20 mm, laius 15 mm.<\/p>","protected":false},"excerpt":{"rendered":"<p>Tugijalg plastikraami otse paigutamiseks. \u00dche raami toestamiseks on soovitav kasutada kahte tugijalga.<\/p>","protected":false},"featured_media":493,"template":"","meta":{"om_disable_all_campaigns":false,"inline_featured_image":false},"product_cat":[117],"product_tag":[],"class_list":{"0":"post-10725","1":"product","2":"type-product","3":"status-publish","4":"has-post-thumbnail","6":"product_cat-bases","9":"first","10":"onbackorder","11":"taxable","12":"shipping-taxable","13":"purchasable","14":"product-type-simple"},"_links":{"self":[{"href":"https:\/\/laimincom.ee\/et\/wp-json\/wp\/v2\/product\/10725","targetHints":{"allow":["GET"]}}],"collection":[{"href":"https:\/\/laimincom.ee\/et\/wp-json\/wp\/v2\/product"}],"about":[{"href":"https:\/\/laimincom.ee\/et\/wp-json\/wp\/v2\/types\/product"}],"wp:featuredmedia":[{"embeddable":true,"href":"https:\/\/laimincom.ee\/et\/wp-json\/wp\/v2\/media\/493"}],"wp:attachment":[{"href":"https:\/\/laimincom.ee\/et\/wp-json\/wp\/v2\/media?parent=10725"}],"wp:term":[{"taxonomy":"product_cat","embeddable":true,"href":"https:\/\/laimincom.ee\/et\/wp-json\/wp\/v2\/product_cat?post=10725"},{"taxonomy":"product_tag","embeddable":true,"href":"https:\/\/laimincom.ee\/et\/wp-json\/wp\/v2\/product_tag?post=10725"}],"curies":[{"name":"wp","href":"https:\/\/api.w.org\/{rel}","templated":true}]}}