{"id":10721,"date":"2023-01-25T12:22:42","date_gmt":"2023-01-25T12:22:42","guid":{"rendered":"https:\/\/laimincom.ee\/toode\/wooden-menuholder-with-chalkboard-dark\/"},"modified":"2023-02-17T11:57:48","modified_gmt":"2023-02-17T11:57:48","slug":"wooden-menuholder-with-chalkboard-dark","status":"publish","type":"product","link":"https:\/\/laimincom.ee\/et\/toode\/wooden-menuholder-with-chalkboard-dark\/","title":{"rendered":"Puidust men\u00fc\u00fchoidja tahvliga, tume"},"content":{"rendered":"<p>Hoidik hoiab stabiilselt paigal.<\/p>","protected":false},"excerpt":{"rendered":"<p>Nutikas kahepoolse men\u00fc\u00fchoidja, mis on valmistatud p\u00f6\u00f6gipuust - valige heledate v\u00f5i tumedate peitside vahel. Kahepoolse A5-tahvliga.<\/p>","protected":false},"featured_media":1505,"template":"","meta":{"om_disable_all_campaigns":false,"inline_featured_image":false},"product_cat":[202],"product_tag":[],"class_list":{"0":"post-10721","1":"product","2":"type-product","3":"status-publish","4":"has-post-thumbnail","6":"product_cat-what-has-been-done","9":"first","10":"instock","11":"taxable","12":"shipping-taxable","13":"purchasable","14":"product-type-simple"},"_links":{"self":[{"href":"https:\/\/laimincom.ee\/et\/wp-json\/wp\/v2\/product\/10721","targetHints":{"allow":["GET"]}}],"collection":[{"href":"https:\/\/laimincom.ee\/et\/wp-json\/wp\/v2\/product"}],"about":[{"href":"https:\/\/laimincom.ee\/et\/wp-json\/wp\/v2\/types\/product"}],"wp:featuredmedia":[{"embeddable":true,"href":"https:\/\/laimincom.ee\/et\/wp-json\/wp\/v2\/media\/1505"}],"wp:attachment":[{"href":"https:\/\/laimincom.ee\/et\/wp-json\/wp\/v2\/media?parent=10721"}],"wp:term":[{"taxonomy":"product_cat","embeddable":true,"href":"https:\/\/laimincom.ee\/et\/wp-json\/wp\/v2\/product_cat?post=10721"},{"taxonomy":"product_tag","embeddable":true,"href":"https:\/\/laimincom.ee\/et\/wp-json\/wp\/v2\/product_tag?post=10721"}],"curies":[{"name":"wp","href":"https:\/\/api.w.org\/{rel}","templated":true}]}}