{"id":10714,"date":"2023-01-25T12:22:41","date_gmt":"2023-01-25T12:22:41","guid":{"rendered":"https:\/\/laimincom.ee\/toode\/wind-sign-waterbase-budget-40mm-m-a0-alu-70x100-cm\/"},"modified":"2023-02-17T11:57:25","modified_gmt":"2023-02-17T11:57:25","slug":"wind-sign-waterbase-budget-40mm-m-a0-alu-70x100-cm","status":"publish","type":"product","link":"https:\/\/laimincom.ee\/et\/toode\/wind-sign-waterbase-budget-40mm-m-a0-alu-70x100-cm\/","title":{"rendered":"WIND-SIGN Waterbase Budget 40mm (M) A0 alu, 70\u00d7100 cm"},"content":{"rendered":"<p>Klikk-raami \u00fcmarad plastnurgad kaitsevad vigastuste eest, lisaks kaitsekilele kaitseb tr\u00fckist ka klikk-s\u00fcsteemi kummist tihend. Vedrusid on t\u00f6\u00f6deldud vastavalt, et v\u00e4ltida korrosiooni. Raskuspaak on valmistatud tugevast plastikmaterjalist, mida v\u00f5ib t\u00e4ita vee (talvel soovitavalt k\u00fclmumisvastase) v\u00f5i liivaga, mis kindlustab hea stabiilsuse isegi karmides ilmastikutingimustes. Kaks ratast \u00fches k\u00fcljes muudavad reklaamaluse liigutamise lihtsamaks.\n\nEraldi v\u00f5imalik juurde tellida ka abivahend reklaamaluse mugavamaks liigutamiseks.\n\nSaadaval suurused: 500 x 700 mm,  A1, 700 x 1000 mm, A0 tr\u00fckisele.<\/p>","protected":false},"excerpt":{"rendered":"<p>Vedruamortisaatori ja raskuspaagiga reklaamalus klikk-raamiga (raam 40 mm).<\/p>","protected":false},"featured_media":1641,"template":"","meta":{"om_disable_all_campaigns":false,"inline_featured_image":false},"product_cat":[202],"product_tag":[],"class_list":{"0":"post-10714","1":"product","2":"type-product","3":"status-publish","4":"has-post-thumbnail","6":"product_cat-what-has-been-done","7":"pa_paper-size-70x100-cm","10":"first","11":"instock","12":"taxable","13":"shipping-taxable","14":"purchasable","15":"product-type-simple"},"_links":{"self":[{"href":"https:\/\/laimincom.ee\/et\/wp-json\/wp\/v2\/product\/10714","targetHints":{"allow":["GET"]}}],"collection":[{"href":"https:\/\/laimincom.ee\/et\/wp-json\/wp\/v2\/product"}],"about":[{"href":"https:\/\/laimincom.ee\/et\/wp-json\/wp\/v2\/types\/product"}],"wp:featuredmedia":[{"embeddable":true,"href":"https:\/\/laimincom.ee\/et\/wp-json\/wp\/v2\/media\/1641"}],"wp:attachment":[{"href":"https:\/\/laimincom.ee\/et\/wp-json\/wp\/v2\/media?parent=10714"}],"wp:term":[{"taxonomy":"product_cat","embeddable":true,"href":"https:\/\/laimincom.ee\/et\/wp-json\/wp\/v2\/product_cat?post=10714"},{"taxonomy":"product_tag","embeddable":true,"href":"https:\/\/laimincom.ee\/et\/wp-json\/wp\/v2\/product_tag?post=10714"}],"curies":[{"name":"wp","href":"https:\/\/api.w.org\/{rel}","templated":true}]}}