{"id":10709,"date":"2023-01-25T12:22:41","date_gmt":"2023-01-25T12:22:41","guid":{"rendered":"https:\/\/laimincom.ee\/toode\/three-sections-multipurpose-bh-a6\/"},"modified":"2024-01-18T09:03:07","modified_gmt":"2024-01-18T09:03:07","slug":"three-sections-multipurpose-bh-a6","status":"publish","type":"product","link":"https:\/\/laimincom.ee\/et\/toode\/three-sections-multipurpose-bh-a6\/","title":{"rendered":"3-astmeline bro\u0161\u00fc\u00fcrihoidja lauale\/seinale"},"content":{"rendered":"<p>0<\/p>","protected":false},"excerpt":{"rendered":"<p class=\" translation-block\">Saadaval suurused:\u00a0<strong>A5, A6.<\/strong><\/p>","protected":false},"featured_media":1561,"template":"","meta":{"om_disable_all_campaigns":false,"inline_featured_image":false},"product_cat":[72,73],"product_tag":[],"class_list":{"0":"post-10709","1":"product","2":"type-product","3":"status-publish","4":"has-post-thumbnail","6":"product_cat-for-tabel","7":"product_cat-for-wall","8":"pa_paper-size-a6","11":"first","12":"onbackorder","13":"taxable","14":"shipping-taxable","15":"purchasable","16":"product-type-simple"},"_links":{"self":[{"href":"https:\/\/laimincom.ee\/et\/wp-json\/wp\/v2\/product\/10709","targetHints":{"allow":["GET"]}}],"collection":[{"href":"https:\/\/laimincom.ee\/et\/wp-json\/wp\/v2\/product"}],"about":[{"href":"https:\/\/laimincom.ee\/et\/wp-json\/wp\/v2\/types\/product"}],"wp:featuredmedia":[{"embeddable":true,"href":"https:\/\/laimincom.ee\/et\/wp-json\/wp\/v2\/media\/1561"}],"wp:attachment":[{"href":"https:\/\/laimincom.ee\/et\/wp-json\/wp\/v2\/media?parent=10709"}],"wp:term":[{"taxonomy":"product_cat","embeddable":true,"href":"https:\/\/laimincom.ee\/et\/wp-json\/wp\/v2\/product_cat?post=10709"},{"taxonomy":"product_tag","embeddable":true,"href":"https:\/\/laimincom.ee\/et\/wp-json\/wp\/v2\/product_tag?post=10709"}],"curies":[{"name":"wp","href":"https:\/\/api.w.org\/{rel}","templated":true}]}}