{"id":10692,"date":"2023-01-25T12:22:39","date_gmt":"2023-01-25T12:22:39","guid":{"rendered":"https:\/\/laimincom.ee\/?post_type=product&#038;p=10692"},"modified":"2024-01-18T09:03:07","modified_gmt":"2024-01-18T09:03:07","slug":"pocket-60x105-mm","status":"publish","type":"product","link":"https:\/\/laimincom.ee\/et\/toode\/pocket-60x105-mm\/","title":{"rendered":"Tasku 60\u00d7105 mm"},"content":{"rendered":"<p>Saame ka teie m\u00f5\u00f5tudega tasku teha.<\/p>","protected":false},"excerpt":{"rendered":"<p>Painutatud PVC (0.3mm) tasku, mille vahele on mugav paberit sisestada. Sobib h\u00e4sti erinevate sedelihoidikutele. Tasku on painutatud v\u00e4ikse \u00fclekattega, mis kindlustab selle, et paber ei libiseks nii lihtsalt v\u00e4lja.<\/p>","protected":false},"featured_media":3989,"template":"","meta":{"om_disable_all_campaigns":false,"inline_featured_image":false},"product_cat":[64],"product_tag":[],"class_list":{"0":"post-10692","1":"product","2":"type-product","3":"status-publish","4":"has-post-thumbnail","6":"product_cat-information-holders","9":"first","10":"onbackorder","11":"taxable","12":"shipping-taxable","13":"purchasable","14":"product-type-simple"},"_links":{"self":[{"href":"https:\/\/laimincom.ee\/et\/wp-json\/wp\/v2\/product\/10692","targetHints":{"allow":["GET"]}}],"collection":[{"href":"https:\/\/laimincom.ee\/et\/wp-json\/wp\/v2\/product"}],"about":[{"href":"https:\/\/laimincom.ee\/et\/wp-json\/wp\/v2\/types\/product"}],"wp:featuredmedia":[{"embeddable":true,"href":"https:\/\/laimincom.ee\/et\/wp-json\/wp\/v2\/media\/3989"}],"wp:attachment":[{"href":"https:\/\/laimincom.ee\/et\/wp-json\/wp\/v2\/media?parent=10692"}],"wp:term":[{"taxonomy":"product_cat","embeddable":true,"href":"https:\/\/laimincom.ee\/et\/wp-json\/wp\/v2\/product_cat?post=10692"},{"taxonomy":"product_tag","embeddable":true,"href":"https:\/\/laimincom.ee\/et\/wp-json\/wp\/v2\/product_tag?post=10692"}],"curies":[{"name":"wp","href":"https:\/\/api.w.org\/{rel}","templated":true}]}}