{"id":10684,"date":"2023-01-25T12:22:38","date_gmt":"2023-01-25T12:22:38","guid":{"rendered":"https:\/\/laimincom.ee\/toode\/swinging-pocket-for-peg-hook-70x40-mm\/"},"modified":"2023-02-20T09:50:33","modified_gmt":"2023-02-20T09:50:33","slug":"swinging-pocket-for-peg-hook-70x40-mm","status":"publish","type":"product","link":"https:\/\/laimincom.ee\/et\/toode\/swinging-pocket-for-peg-hook-70x40-mm\/","title":{"rendered":"Sedelihoidik piigile, 70\u00d740 mm"},"content":{"rendered":"<p>0<\/p>","protected":false},"excerpt":{"rendered":"<p>Materjal: PET. V\u00e4rvus: l\u00e4bipaistev, mitte peegelduv. Sobib traadile \u00d8 4-8 mm.<\/p>","protected":false},"featured_media":990,"template":"","meta":{"om_disable_all_campaigns":false,"inline_featured_image":false},"product_cat":[66],"product_tag":[],"class_list":{"0":"post-10684","1":"product","2":"type-product","3":"status-publish","4":"has-post-thumbnail","6":"product_cat-for-peg-hook","7":"pa_size-70x40-mm","10":"first","11":"instock","12":"taxable","13":"shipping-taxable","14":"purchasable","15":"product-type-simple"},"_links":{"self":[{"href":"https:\/\/laimincom.ee\/et\/wp-json\/wp\/v2\/product\/10684","targetHints":{"allow":["GET"]}}],"collection":[{"href":"https:\/\/laimincom.ee\/et\/wp-json\/wp\/v2\/product"}],"about":[{"href":"https:\/\/laimincom.ee\/et\/wp-json\/wp\/v2\/types\/product"}],"wp:featuredmedia":[{"embeddable":true,"href":"https:\/\/laimincom.ee\/et\/wp-json\/wp\/v2\/media\/990"}],"wp:attachment":[{"href":"https:\/\/laimincom.ee\/et\/wp-json\/wp\/v2\/media?parent=10684"}],"wp:term":[{"taxonomy":"product_cat","embeddable":true,"href":"https:\/\/laimincom.ee\/et\/wp-json\/wp\/v2\/product_cat?post=10684"},{"taxonomy":"product_tag","embeddable":true,"href":"https:\/\/laimincom.ee\/et\/wp-json\/wp\/v2\/product_tag?post=10684"}],"curies":[{"name":"wp","href":"https:\/\/api.w.org\/{rel}","templated":true}]}}