{"id":10675,"date":"2023-01-25T12:22:38","date_gmt":"2023-01-25T12:22:38","guid":{"rendered":"https:\/\/laimincom.ee\/toode\/swing-wing-vertical-a6\/"},"modified":"2024-01-18T09:04:43","modified_gmt":"2024-01-18T09:04:43","slug":"swing-wing-vertical-a6","status":"publish","type":"product","link":"https:\/\/laimincom.ee\/et\/toode\/swing-wing-vertical-a6\/","title":{"rendered":"Akr\u00fc\u00fclist infohoidik alumiinium jalaga, Vert, A6"},"content":{"rendered":"<p>0<\/p>","protected":false},"excerpt":{"rendered":"<p>L\u00e4bipaistvast akr\u00fc\u00fclist men\u00fc\u00fchoidik ja vedrukinnitusega alumiiniumist hoidik. Vabalt seisev, vertikaalne.<\/p>","protected":false},"featured_media":1980,"template":"","meta":{"om_disable_all_campaigns":false,"inline_featured_image":false},"product_cat":[1280],"product_tag":[],"class_list":{"0":"post-10675","1":"product","2":"type-product","3":"status-publish","4":"has-post-thumbnail","6":"product_cat-swingwing-vertical","7":"pa_paper-size-a6","10":"first","11":"onbackorder","12":"taxable","13":"shipping-taxable","14":"purchasable","15":"product-type-simple"},"_links":{"self":[{"href":"https:\/\/laimincom.ee\/et\/wp-json\/wp\/v2\/product\/10675","targetHints":{"allow":["GET"]}}],"collection":[{"href":"https:\/\/laimincom.ee\/et\/wp-json\/wp\/v2\/product"}],"about":[{"href":"https:\/\/laimincom.ee\/et\/wp-json\/wp\/v2\/types\/product"}],"wp:featuredmedia":[{"embeddable":true,"href":"https:\/\/laimincom.ee\/et\/wp-json\/wp\/v2\/media\/1980"}],"wp:attachment":[{"href":"https:\/\/laimincom.ee\/et\/wp-json\/wp\/v2\/media?parent=10675"}],"wp:term":[{"taxonomy":"product_cat","embeddable":true,"href":"https:\/\/laimincom.ee\/et\/wp-json\/wp\/v2\/product_cat?post=10675"},{"taxonomy":"product_tag","embeddable":true,"href":"https:\/\/laimincom.ee\/et\/wp-json\/wp\/v2\/product_tag?post=10675"}],"curies":[{"name":"wp","href":"https:\/\/api.w.org\/{rel}","templated":true}]}}