{"id":10666,"date":"2023-01-25T12:22:37","date_gmt":"2023-01-25T12:22:37","guid":{"rendered":"https:\/\/laimincom.ee\/toode\/steel-cable-1mm-50-m\/"},"modified":"2024-01-18T09:04:43","modified_gmt":"2024-01-18T09:04:43","slug":"steel-cable-1mm-50-m","status":"publish","type":"product","link":"https:\/\/laimincom.ee\/et\/toode\/steel-cable-1mm-50-m\/","title":{"rendered":"Terastross,1 mm. 50 m."},"content":{"rendered":"<p>Tehniline: L\u00fckka \u00fcks trossi ots Quicx fix-i \u00fclemisest otsast sisse nii, et see k\u00fcljel olevast august v\u00e4lja tuleks. J\u00e4ta sinna m\u00f5ningane varu, nt 5 cm. Peida trossi ots profiili sisse.<\/p>","protected":false},"excerpt":{"rendered":"<p>V\u00f5ite valida 50 v\u00f5i 200 meetri kaabli vahel. Sobib MAG-Signi profiili paigaldamiseks lakke.<\/p>","protected":false},"featured_media":332,"template":"","meta":{"om_disable_all_campaigns":false,"inline_featured_image":false},"product_cat":[91,49],"product_tag":[],"class_list":{"0":"post-10666","1":"product","2":"type-product","3":"status-publish","4":"has-post-thumbnail","6":"product_cat-accessories-mag-sign","7":"product_cat-hanging-accessories","8":"pa_lenght-50-m","11":"first","12":"onbackorder","13":"taxable","14":"shipping-taxable","15":"purchasable","16":"product-type-simple"},"_links":{"self":[{"href":"https:\/\/laimincom.ee\/et\/wp-json\/wp\/v2\/product\/10666","targetHints":{"allow":["GET"]}}],"collection":[{"href":"https:\/\/laimincom.ee\/et\/wp-json\/wp\/v2\/product"}],"about":[{"href":"https:\/\/laimincom.ee\/et\/wp-json\/wp\/v2\/types\/product"}],"wp:featuredmedia":[{"embeddable":true,"href":"https:\/\/laimincom.ee\/et\/wp-json\/wp\/v2\/media\/332"}],"wp:attachment":[{"href":"https:\/\/laimincom.ee\/et\/wp-json\/wp\/v2\/media?parent=10666"}],"wp:term":[{"taxonomy":"product_cat","embeddable":true,"href":"https:\/\/laimincom.ee\/et\/wp-json\/wp\/v2\/product_cat?post=10666"},{"taxonomy":"product_tag","embeddable":true,"href":"https:\/\/laimincom.ee\/et\/wp-json\/wp\/v2\/product_tag?post=10666"}],"curies":[{"name":"wp","href":"https:\/\/api.w.org\/{rel}","templated":true}]}}