{"id":10660,"date":"2023-01-25T12:22:36","date_gmt":"2023-01-25T12:22:36","guid":{"rendered":"https:\/\/laimincom.ee\/toode\/small-clasp-pin-with-label-holder-50-mm\/"},"modified":"2024-01-18T09:16:51","modified_gmt":"2024-01-18T09:16:51","slug":"small-clasp-pin-with-label-holder-50-mm","status":"publish","type":"product","link":"https:\/\/laimincom.ee\/et\/toode\/small-clasp-pin-with-label-holder-50-mm\/","title":{"rendered":"V\u00e4ikse n\u00e4pitsaga sedelihoidik, 50 mm"},"content":{"rendered":"<p>V\u00f5imalik muuta kaldenurka, valikus pikendus 50 mm v\u00f5i 100 mm.<\/p>","protected":false},"excerpt":{"rendered":"<p>Koguk\u00f5rgus 75 mm (ilma pikenduseta). \u00dclemise osa laius 50 mm, k\u00f5rgus 20 mm ja 1 mm paberi v\u00f5i tasku jaoks. V\u00e4ike klamber on \u00f5hema (kuni 10 mm) eseme jaoks.<\/p>","protected":false},"featured_media":595,"template":"","meta":{"om_disable_all_campaigns":false,"inline_featured_image":false},"product_cat":[54],"product_tag":[],"class_list":{"0":"post-10660","1":"product","2":"type-product","3":"status-publish","4":"has-post-thumbnail","6":"product_cat-small-clasp-pin","7":"pa_extension-50-mm","10":"first","11":"onbackorder","12":"taxable","13":"shipping-taxable","14":"purchasable","15":"product-type-simple"},"_links":{"self":[{"href":"https:\/\/laimincom.ee\/et\/wp-json\/wp\/v2\/product\/10660","targetHints":{"allow":["GET"]}}],"collection":[{"href":"https:\/\/laimincom.ee\/et\/wp-json\/wp\/v2\/product"}],"about":[{"href":"https:\/\/laimincom.ee\/et\/wp-json\/wp\/v2\/types\/product"}],"wp:featuredmedia":[{"embeddable":true,"href":"https:\/\/laimincom.ee\/et\/wp-json\/wp\/v2\/media\/595"}],"wp:attachment":[{"href":"https:\/\/laimincom.ee\/et\/wp-json\/wp\/v2\/media?parent=10660"}],"wp:term":[{"taxonomy":"product_cat","embeddable":true,"href":"https:\/\/laimincom.ee\/et\/wp-json\/wp\/v2\/product_cat?post=10660"},{"taxonomy":"product_tag","embeddable":true,"href":"https:\/\/laimincom.ee\/et\/wp-json\/wp\/v2\/product_tag?post=10660"}],"curies":[{"name":"wp","href":"https:\/\/api.w.org\/{rel}","templated":true}]}}