{"id":10656,"date":"2023-01-25T12:22:35","date_gmt":"2023-01-25T12:22:35","guid":{"rendered":"https:\/\/laimincom.ee\/toode\/small-clasp-pin-with-label-holder-clip-100-mm\/"},"modified":"2024-01-18T09:16:52","modified_gmt":"2024-01-18T09:16:52","slug":"small-clasp-pin-with-label-holder-clip-100-mm","status":"publish","type":"product","link":"https:\/\/laimincom.ee\/et\/toode\/small-clasp-pin-with-label-holder-clip-100-mm\/","title":{"rendered":"V\u00e4ikse n\u00e4pitsaga sedelihoidik klambriga, 100 mm"},"content":{"rendered":"<p>\u00dclemise osa laius 80 mm, k\u00f5rgus 28 mm, sobib kuni 5 mm esemete jaoks. Saab soovitud nurga alla kallutada ja seda saab kasutada pikendusega 50 mm v\u00f5i 100 mm.<\/p>","protected":false},"excerpt":{"rendered":"<p>V\u00e4ike klamber on \u00f5hema (kuni 10 mm) eseme jaoks. Koguk\u00f5rgus 80 mm (ilma pikenduseta).<\/p>","protected":false},"featured_media":601,"template":"","meta":{"om_disable_all_campaigns":false,"inline_featured_image":false},"product_cat":[54],"product_tag":[],"class_list":{"0":"post-10656","1":"product","2":"type-product","3":"status-publish","4":"has-post-thumbnail","6":"product_cat-small-clasp-pin","7":"pa_extension-100-mm","10":"first","11":"onbackorder","12":"taxable","13":"shipping-taxable","14":"purchasable","15":"product-type-simple"},"_links":{"self":[{"href":"https:\/\/laimincom.ee\/et\/wp-json\/wp\/v2\/product\/10656","targetHints":{"allow":["GET"]}}],"collection":[{"href":"https:\/\/laimincom.ee\/et\/wp-json\/wp\/v2\/product"}],"about":[{"href":"https:\/\/laimincom.ee\/et\/wp-json\/wp\/v2\/types\/product"}],"wp:featuredmedia":[{"embeddable":true,"href":"https:\/\/laimincom.ee\/et\/wp-json\/wp\/v2\/media\/601"}],"wp:attachment":[{"href":"https:\/\/laimincom.ee\/et\/wp-json\/wp\/v2\/media?parent=10656"}],"wp:term":[{"taxonomy":"product_cat","embeddable":true,"href":"https:\/\/laimincom.ee\/et\/wp-json\/wp\/v2\/product_cat?post=10656"},{"taxonomy":"product_tag","embeddable":true,"href":"https:\/\/laimincom.ee\/et\/wp-json\/wp\/v2\/product_tag?post=10656"}],"curies":[{"name":"wp","href":"https:\/\/api.w.org\/{rel}","templated":true}]}}