{"id":10653,"date":"2023-01-25T12:22:35","date_gmt":"2023-01-25T12:22:35","guid":{"rendered":"https:\/\/laimincom.ee\/toode\/small-clasp-pin-double-100-mm\/"},"modified":"2024-01-18T09:16:52","modified_gmt":"2024-01-18T09:16:52","slug":"small-clasp-pin-double-100-mm","status":"publish","type":"product","link":"https:\/\/laimincom.ee\/et\/toode\/small-clasp-pin-double-100-mm\/","title":{"rendered":"V\u00e4ike sedelihoidik kahe n\u00e4pitsaga, 100 mm"},"content":{"rendered":"<p>V\u00e4ike sedelihoidik etiketi hoidmiseks, l\u00e4bipaistev. Kasutatakse mitmesuguste toidukonteinerite jaoks (liha, salat ja kala).<\/p>","protected":false},"excerpt":{"rendered":"<p>V\u00f5imalik muuta kaldenurka. Koguk\u00f5rgus 90 mm (ilma pikenduseta). V\u00e4ike klamber on \u00f5hema (kuni 10 mm) eseme jaoks. V\u00f5ib kasutada pikendusega 50 mm v\u00f5i 100 mm.<\/p>","protected":false},"featured_media":605,"template":"","meta":{"om_disable_all_campaigns":false,"inline_featured_image":false},"product_cat":[54],"product_tag":[],"class_list":{"0":"post-10653","1":"product","2":"type-product","3":"status-publish","4":"has-post-thumbnail","6":"product_cat-small-clasp-pin","7":"pa_extension-100-mm","10":"first","11":"onbackorder","12":"taxable","13":"shipping-taxable","14":"purchasable","15":"product-type-simple"},"_links":{"self":[{"href":"https:\/\/laimincom.ee\/et\/wp-json\/wp\/v2\/product\/10653","targetHints":{"allow":["GET"]}}],"collection":[{"href":"https:\/\/laimincom.ee\/et\/wp-json\/wp\/v2\/product"}],"about":[{"href":"https:\/\/laimincom.ee\/et\/wp-json\/wp\/v2\/types\/product"}],"wp:featuredmedia":[{"embeddable":true,"href":"https:\/\/laimincom.ee\/et\/wp-json\/wp\/v2\/media\/605"}],"wp:attachment":[{"href":"https:\/\/laimincom.ee\/et\/wp-json\/wp\/v2\/media?parent=10653"}],"wp:term":[{"taxonomy":"product_cat","embeddable":true,"href":"https:\/\/laimincom.ee\/et\/wp-json\/wp\/v2\/product_cat?post=10653"},{"taxonomy":"product_tag","embeddable":true,"href":"https:\/\/laimincom.ee\/et\/wp-json\/wp\/v2\/product_tag?post=10653"}],"curies":[{"name":"wp","href":"https:\/\/api.w.org\/{rel}","templated":true}]}}