{"id":10630,"date":"2023-01-25T12:22:33","date_gmt":"2023-01-25T12:22:33","guid":{"rendered":"https:\/\/laimincom.ee\/toode\/shelf-edge-profile-with-transp-tape-40x895-mm\/"},"modified":"2025-02-17T12:19:17","modified_gmt":"2025-02-17T12:19:17","slug":"shelf-edge-profile-with-transp-tape-40x895-mm","status":"publish","type":"product","link":"https:\/\/laimincom.ee\/et\/toode\/shelf-edge-profile-with-transp-tape-40x895-mm\/","title":{"rendered":"Kleebitav hinnariba, l\u00e4bipaistev, 40&#215;895 mm. L\u00e4bipaistva teibiga."},"content":{"rendered":"<p>Profiile saab l\u00f5igata sobivasse pikkusesse. Lisandub l\u00f5iketasu.<\/p>\n<p>&nbsp;<\/p>","protected":false},"excerpt":{"rendered":"<p>Hinnariba l\u00e4bipaistva teibiga. K\u00f5rgus: 40 mm ja kaks standardset pikkust: 895 ja 1245 mm.<\/p>\n<p>&nbsp;<\/p>","protected":false},"featured_media":4131,"template":"","meta":{"om_disable_all_campaigns":false,"inline_featured_image":false},"product_cat":[65],"product_tag":[],"class_list":{"0":"post-10630","1":"product","2":"type-product","3":"status-publish","4":"has-post-thumbnail","6":"product_cat-shelf-edge-profiles","7":"pa_sep-size-40x895-mm","10":"first","11":"instock","12":"taxable","13":"shipping-taxable","14":"purchasable","15":"product-type-simple"},"_links":{"self":[{"href":"https:\/\/laimincom.ee\/et\/wp-json\/wp\/v2\/product\/10630","targetHints":{"allow":["GET"]}}],"collection":[{"href":"https:\/\/laimincom.ee\/et\/wp-json\/wp\/v2\/product"}],"about":[{"href":"https:\/\/laimincom.ee\/et\/wp-json\/wp\/v2\/types\/product"}],"wp:featuredmedia":[{"embeddable":true,"href":"https:\/\/laimincom.ee\/et\/wp-json\/wp\/v2\/media\/4131"}],"wp:attachment":[{"href":"https:\/\/laimincom.ee\/et\/wp-json\/wp\/v2\/media?parent=10630"}],"wp:term":[{"taxonomy":"product_cat","embeddable":true,"href":"https:\/\/laimincom.ee\/et\/wp-json\/wp\/v2\/product_cat?post=10630"},{"taxonomy":"product_tag","embeddable":true,"href":"https:\/\/laimincom.ee\/et\/wp-json\/wp\/v2\/product_tag?post=10630"}],"curies":[{"name":"wp","href":"https:\/\/api.w.org\/{rel}","templated":true}]}}