{"id":10618,"date":"2023-01-25T12:22:31","date_gmt":"2023-01-25T12:22:31","guid":{"rendered":"https:\/\/laimincom.ee\/toode\/shelf-edge-profile-with-tape-red-40x895-mm\/"},"modified":"2023-02-20T09:50:51","modified_gmt":"2023-02-20T09:50:51","slug":"shelf-edge-profile-with-tape-red-40x895-mm","status":"publish","type":"product","link":"https:\/\/laimincom.ee\/et\/toode\/shelf-edge-profile-with-tape-red-40x895-mm\/","title":{"rendered":"Kleebitav hinnariba, Red, 40&#215;895 mm"},"content":{"rendered":"<p>Profiile on v\u00f5imalik osta t\u00fckikaupa kui ka kastiga, kastis 50 tk. Teenusena l\u00f5ikame ka sobivasse m\u00f5\u00f5tu.<\/p>\n<p>Suurte tellimuste puhul v\u00f5imalik tellida ka teises RAL toonides ja suurustes. K\u00fcsi pakkumist.<\/p>\n<p>&nbsp;<\/p>","protected":false},"excerpt":{"rendered":"<p>Kleebitav hinnariba vahtteibiga, sobib sileda pinnaga riiulile. Erinevad k\u00f5rgused: 20, 26, 32, 40, 52 ja 60 mm. Standardpikkuses: 895, 1000 ja 1245 mm. Vali sobiv m\u00f5\u00f5t ja v\u00e4rv.<\/p>\n<p>&nbsp;<\/p>","protected":false},"featured_media":3694,"template":"","meta":{"om_disable_all_campaigns":false,"inline_featured_image":false},"product_cat":[65],"product_tag":[],"class_list":{"0":"post-10618","1":"product","2":"type-product","3":"status-publish","4":"has-post-thumbnail","6":"product_cat-shelf-edge-profiles","7":"pa_sep-size-40x895-mm","10":"first","11":"instock","12":"taxable","13":"shipping-taxable","14":"purchasable","15":"product-type-simple"},"_links":{"self":[{"href":"https:\/\/laimincom.ee\/et\/wp-json\/wp\/v2\/product\/10618","targetHints":{"allow":["GET"]}}],"collection":[{"href":"https:\/\/laimincom.ee\/et\/wp-json\/wp\/v2\/product"}],"about":[{"href":"https:\/\/laimincom.ee\/et\/wp-json\/wp\/v2\/types\/product"}],"wp:featuredmedia":[{"embeddable":true,"href":"https:\/\/laimincom.ee\/et\/wp-json\/wp\/v2\/media\/3694"}],"wp:attachment":[{"href":"https:\/\/laimincom.ee\/et\/wp-json\/wp\/v2\/media?parent=10618"}],"wp:term":[{"taxonomy":"product_cat","embeddable":true,"href":"https:\/\/laimincom.ee\/et\/wp-json\/wp\/v2\/product_cat?post=10618"},{"taxonomy":"product_tag","embeddable":true,"href":"https:\/\/laimincom.ee\/et\/wp-json\/wp\/v2\/product_tag?post=10618"}],"curies":[{"name":"wp","href":"https:\/\/api.w.org\/{rel}","templated":true}]}}