{"id":10591,"date":"2023-01-25T12:22:26","date_gmt":"2023-01-25T12:22:26","guid":{"rendered":"https:\/\/laimincom.ee\/toode\/rounded-base-with-small-clasp-pin-50-mm\/"},"modified":"2024-01-18T09:27:14","modified_gmt":"2024-01-18T09:27:14","slug":"rounded-base-with-small-clasp-pin-50-mm","status":"publish","type":"product","link":"https:\/\/laimincom.ee\/et\/toode\/rounded-base-with-small-clasp-pin-50-mm\/","title":{"rendered":"\u00dcmaral alusel v\u00e4ikse n\u00e4pitsaga sedelihoidik, 50 mm"},"content":{"rendered":"<p>L\u00e4bipaistev v\u00e4ikese klambriga hoidik \u00f5hema (kuni 10 mm) tasku v\u00f5i lamineeritud lehe jaoks.<\/p>","protected":false},"excerpt":{"rendered":"<p>\u00dcmara alusega etiketihoidik, l\u00e4bim\u00f5\u00f5t \u00d8 50 mm. Koguk\u00f5rgus 50 mm (ilma pikenduseta).<\/p>","protected":false},"featured_media":695,"template":"","meta":{"om_disable_all_campaigns":false,"inline_featured_image":false},"product_cat":[57],"product_tag":[],"class_list":{"0":"post-10591","1":"product","2":"type-product","3":"status-publish","4":"has-post-thumbnail","6":"product_cat-rounded-base","7":"pa_extension-50-mm","10":"first","11":"onbackorder","12":"taxable","13":"shipping-taxable","14":"purchasable","15":"product-type-simple"},"_links":{"self":[{"href":"https:\/\/laimincom.ee\/et\/wp-json\/wp\/v2\/product\/10591","targetHints":{"allow":["GET"]}}],"collection":[{"href":"https:\/\/laimincom.ee\/et\/wp-json\/wp\/v2\/product"}],"about":[{"href":"https:\/\/laimincom.ee\/et\/wp-json\/wp\/v2\/types\/product"}],"wp:featuredmedia":[{"embeddable":true,"href":"https:\/\/laimincom.ee\/et\/wp-json\/wp\/v2\/media\/695"}],"wp:attachment":[{"href":"https:\/\/laimincom.ee\/et\/wp-json\/wp\/v2\/media?parent=10591"}],"wp:term":[{"taxonomy":"product_cat","embeddable":true,"href":"https:\/\/laimincom.ee\/et\/wp-json\/wp\/v2\/product_cat?post=10591"},{"taxonomy":"product_tag","embeddable":true,"href":"https:\/\/laimincom.ee\/et\/wp-json\/wp\/v2\/product_tag?post=10591"}],"curies":[{"name":"wp","href":"https:\/\/api.w.org\/{rel}","templated":true}]}}