{"id":10588,"date":"2023-01-25T12:22:26","date_gmt":"2023-01-25T12:22:26","guid":{"rendered":"https:\/\/laimincom.ee\/toode\/rounded-base-with-large-clasp-pin-50-mm\/"},"modified":"2024-01-18T09:28:02","modified_gmt":"2024-01-18T09:28:02","slug":"rounded-base-with-large-clasp-pin-50-mm","status":"publish","type":"product","link":"https:\/\/laimincom.ee\/et\/toode\/rounded-base-with-large-clasp-pin-50-mm\/","title":{"rendered":"\u00dcmaral alusel suure n\u00e4pitsaga sedelihoidik, 50 mm"},"content":{"rendered":"<p>Suur \u00fclemine osa on ideaalne kinnitamiseks kuni 32 mm l\u00e4bim\u00f5\u00f5duga torule v\u00f5i postile.<\/p>","protected":false},"excerpt":{"rendered":"<p>\u00dcmara alusega sedelihoidik, l\u00e4bim\u00f5\u00f5duga \u00d8 50 mm. Koguk\u00f5rgus 74 mm (ilma pikenduseta).<\/p>","protected":false},"featured_media":1061,"template":"","meta":{"om_disable_all_campaigns":false,"inline_featured_image":false},"product_cat":[57],"product_tag":[],"class_list":{"0":"post-10588","1":"product","2":"type-product","3":"status-publish","4":"has-post-thumbnail","6":"product_cat-rounded-base","7":"pa_extension-50-mm","10":"first","11":"onbackorder","12":"taxable","13":"shipping-taxable","14":"purchasable","15":"product-type-simple"},"_links":{"self":[{"href":"https:\/\/laimincom.ee\/et\/wp-json\/wp\/v2\/product\/10588","targetHints":{"allow":["GET"]}}],"collection":[{"href":"https:\/\/laimincom.ee\/et\/wp-json\/wp\/v2\/product"}],"about":[{"href":"https:\/\/laimincom.ee\/et\/wp-json\/wp\/v2\/types\/product"}],"wp:featuredmedia":[{"embeddable":true,"href":"https:\/\/laimincom.ee\/et\/wp-json\/wp\/v2\/media\/1061"}],"wp:attachment":[{"href":"https:\/\/laimincom.ee\/et\/wp-json\/wp\/v2\/media?parent=10588"}],"wp:term":[{"taxonomy":"product_cat","embeddable":true,"href":"https:\/\/laimincom.ee\/et\/wp-json\/wp\/v2\/product_cat?post=10588"},{"taxonomy":"product_tag","embeddable":true,"href":"https:\/\/laimincom.ee\/et\/wp-json\/wp\/v2\/product_tag?post=10588"}],"curies":[{"name":"wp","href":"https:\/\/api.w.org\/{rel}","templated":true}]}}