{"id":10583,"date":"2023-01-25T12:22:25","date_gmt":"2023-01-25T12:22:25","guid":{"rendered":"https:\/\/laimincom.ee\/toode\/rounded-base-with-label-holder-clip-without\/"},"modified":"2024-01-18T09:28:02","modified_gmt":"2024-01-18T09:28:02","slug":"rounded-base-with-label-holder-clip-without","status":"publish","type":"product","link":"https:\/\/laimincom.ee\/et\/toode\/rounded-base-with-label-holder-clip-without\/","title":{"rendered":"\u00dcmaral alusel sedelihoidik klambriga"},"content":{"rendered":"<p>\u00dclemise osa laius 80 mm, k\u00f5rgus 28 mm, sobib kuni 5 mm esemete jaoks. Saab soovitud nurga alla kallutada ja seda saab kasutada pikendusega 50 mm v\u00f5i 100 mm.<\/p>","protected":false},"excerpt":{"rendered":"<p>\u00dcmara alusega sedelihoidik, l\u00e4bim\u00f5\u00f5duga \u00d8 50 mm. Koguk\u00f5rgus 40 mm (ilma pikenduseta).<\/p>","protected":false},"featured_media":1071,"template":"","meta":{"om_disable_all_campaigns":false,"inline_featured_image":false},"product_cat":[57],"product_tag":[],"class_list":{"0":"post-10583","1":"product","2":"type-product","3":"status-publish","4":"has-post-thumbnail","6":"product_cat-rounded-base","7":"pa_extension-without","10":"first","11":"onbackorder","12":"taxable","13":"shipping-taxable","14":"purchasable","15":"product-type-simple"},"_links":{"self":[{"href":"https:\/\/laimincom.ee\/et\/wp-json\/wp\/v2\/product\/10583","targetHints":{"allow":["GET"]}}],"collection":[{"href":"https:\/\/laimincom.ee\/et\/wp-json\/wp\/v2\/product"}],"about":[{"href":"https:\/\/laimincom.ee\/et\/wp-json\/wp\/v2\/types\/product"}],"wp:featuredmedia":[{"embeddable":true,"href":"https:\/\/laimincom.ee\/et\/wp-json\/wp\/v2\/media\/1071"}],"wp:attachment":[{"href":"https:\/\/laimincom.ee\/et\/wp-json\/wp\/v2\/media?parent=10583"}],"wp:term":[{"taxonomy":"product_cat","embeddable":true,"href":"https:\/\/laimincom.ee\/et\/wp-json\/wp\/v2\/product_cat?post=10583"},{"taxonomy":"product_tag","embeddable":true,"href":"https:\/\/laimincom.ee\/et\/wp-json\/wp\/v2\/product_tag?post=10583"}],"curies":[{"name":"wp","href":"https:\/\/api.w.org\/{rel}","templated":true}]}}