{"id":10570,"date":"2023-01-25T12:22:24","date_gmt":"2023-01-25T12:22:24","guid":{"rendered":"https:\/\/laimincom.ee\/toode\/ring-label-holder-o-20-mm-50-mm\/"},"modified":"2024-01-18T09:28:05","modified_gmt":"2024-01-18T09:28:05","slug":"ring-label-holder-o-20-mm-50-mm","status":"publish","type":"product","link":"https:\/\/laimincom.ee\/et\/toode\/ring-label-holder-o-20-mm-50-mm\/","title":{"rendered":"R\u00f5ngaskinnitus sedelihoidikuga, 50 mm"},"content":{"rendered":"<p>Multifunktsionaalset r\u00f5ngaskinnitusega sildihoidjat saab soovitud nurga alla kallutada. V\u00f5ib kasutada pikendusega 50 mm v\u00f5i 100 mm.<\/p>\n<p>V\u00f5imalik on kasutada erinevaid \u00fclaosasid.<\/p>","protected":false},"excerpt":{"rendered":"<p>Sedelihoidik, mida kasutatakse hinna v\u00f5i \/ ja lihatoodete (vorstid, liharullid jms) teabe esitlemiseks. L\u00e4bim\u00f5\u00f5t on: \u00d820 mm; \u00d830 mm; \u00d845 mm ja \u00d880 mm.<\/p>","protected":false},"featured_media":1242,"template":"","meta":{"om_disable_all_campaigns":false,"inline_featured_image":false},"product_cat":[61],"product_tag":[],"class_list":{"0":"post-10570","1":"product","2":"type-product","3":"status-publish","4":"has-post-thumbnail","6":"product_cat-other","7":"pa_diameter-o-20-mm","8":"pa_extension-50-mm","11":"first","12":"onbackorder","13":"taxable","14":"shipping-taxable","15":"purchasable","16":"product-type-simple"},"_links":{"self":[{"href":"https:\/\/laimincom.ee\/et\/wp-json\/wp\/v2\/product\/10570","targetHints":{"allow":["GET"]}}],"collection":[{"href":"https:\/\/laimincom.ee\/et\/wp-json\/wp\/v2\/product"}],"about":[{"href":"https:\/\/laimincom.ee\/et\/wp-json\/wp\/v2\/types\/product"}],"wp:featuredmedia":[{"embeddable":true,"href":"https:\/\/laimincom.ee\/et\/wp-json\/wp\/v2\/media\/1242"}],"wp:attachment":[{"href":"https:\/\/laimincom.ee\/et\/wp-json\/wp\/v2\/media?parent=10570"}],"wp:term":[{"taxonomy":"product_cat","embeddable":true,"href":"https:\/\/laimincom.ee\/et\/wp-json\/wp\/v2\/product_cat?post=10570"},{"taxonomy":"product_tag","embeddable":true,"href":"https:\/\/laimincom.ee\/et\/wp-json\/wp\/v2\/product_tag?post=10570"}],"curies":[{"name":"wp","href":"https:\/\/api.w.org\/{rel}","templated":true}]}}