{"id":10566,"date":"2023-01-25T12:22:22","date_gmt":"2023-01-25T12:22:22","guid":{"rendered":"https:\/\/laimincom.ee\/toode\/ring-holder-o-30-mm\/"},"modified":"2024-01-18T09:29:03","modified_gmt":"2024-01-18T09:29:03","slug":"ring-holder-o-30-mm","status":"publish","type":"product","link":"https:\/\/laimincom.ee\/et\/toode\/ring-holder-o-30-mm\/","title":{"rendered":"R\u00f5ngaskinnitus d30"},"content":{"rendered":"<p>0<\/p>","protected":false},"excerpt":{"rendered":"<p>M\u00f5\u00f5tmed: \u00d8 20 mm, \u00d8 30 mm, \u00d8 45 mm ja \u00d8 80 mm.<\/p>","protected":false},"featured_media":1263,"template":"","meta":{"om_disable_all_campaigns":false,"inline_featured_image":false},"product_cat":[63],"product_tag":[],"class_list":{"0":"post-10566","1":"product","2":"type-product","3":"status-publish","4":"has-post-thumbnail","6":"product_cat-accessories","7":"pa_diameter-o-30-mm","10":"first","11":"onbackorder","12":"taxable","13":"shipping-taxable","14":"purchasable","15":"product-type-simple"},"_links":{"self":[{"href":"https:\/\/laimincom.ee\/et\/wp-json\/wp\/v2\/product\/10566","targetHints":{"allow":["GET"]}}],"collection":[{"href":"https:\/\/laimincom.ee\/et\/wp-json\/wp\/v2\/product"}],"about":[{"href":"https:\/\/laimincom.ee\/et\/wp-json\/wp\/v2\/types\/product"}],"wp:featuredmedia":[{"embeddable":true,"href":"https:\/\/laimincom.ee\/et\/wp-json\/wp\/v2\/media\/1263"}],"wp:attachment":[{"href":"https:\/\/laimincom.ee\/et\/wp-json\/wp\/v2\/media?parent=10566"}],"wp:term":[{"taxonomy":"product_cat","embeddable":true,"href":"https:\/\/laimincom.ee\/et\/wp-json\/wp\/v2\/product_cat?post=10566"},{"taxonomy":"product_tag","embeddable":true,"href":"https:\/\/laimincom.ee\/et\/wp-json\/wp\/v2\/product_tag?post=10566"}],"curies":[{"name":"wp","href":"https:\/\/api.w.org\/{rel}","templated":true}]}}