{"id":10562,"date":"2023-01-25T12:22:22","date_gmt":"2023-01-25T12:22:22","guid":{"rendered":"https:\/\/laimincom.ee\/toode\/pvc-poster-protectors-a4\/"},"modified":"2025-02-18T09:38:29","modified_gmt":"2025-02-18T09:38:29","slug":"pvc-poster-protectors-a4","status":"publish","type":"product","link":"https:\/\/laimincom.ee\/et\/toode\/pvc-poster-protectors-a4\/","title":{"rendered":"PVC-kaitsekile reklaamraamile A4"},"content":{"rendered":"<p>0<\/p>","protected":false},"excerpt":{"rendered":"<p>0,2 mm PVC-st valmistatud PVC postrikaitse, l\u00fchikesele k\u00fcljele volditud, peegeldumisvastane ja l\u00e4bipaistev.<\/p>","protected":false},"featured_media":485,"template":"","meta":{"om_disable_all_campaigns":false,"inline_featured_image":false},"product_cat":[114,64],"product_tag":[],"class_list":{"0":"post-10562","1":"product","2":"type-product","3":"status-publish","4":"has-post-thumbnail","6":"product_cat-frames","7":"product_cat-information-holders","8":"pa_paper-size-a4","11":"first","12":"instock","13":"taxable","14":"shipping-taxable","15":"purchasable","16":"product-type-simple"},"_links":{"self":[{"href":"https:\/\/laimincom.ee\/et\/wp-json\/wp\/v2\/product\/10562","targetHints":{"allow":["GET"]}}],"collection":[{"href":"https:\/\/laimincom.ee\/et\/wp-json\/wp\/v2\/product"}],"about":[{"href":"https:\/\/laimincom.ee\/et\/wp-json\/wp\/v2\/types\/product"}],"wp:featuredmedia":[{"embeddable":true,"href":"https:\/\/laimincom.ee\/et\/wp-json\/wp\/v2\/media\/485"}],"wp:attachment":[{"href":"https:\/\/laimincom.ee\/et\/wp-json\/wp\/v2\/media?parent=10562"}],"wp:term":[{"taxonomy":"product_cat","embeddable":true,"href":"https:\/\/laimincom.ee\/et\/wp-json\/wp\/v2\/product_cat?post=10562"},{"taxonomy":"product_tag","embeddable":true,"href":"https:\/\/laimincom.ee\/et\/wp-json\/wp\/v2\/product_tag?post=10562"}],"curies":[{"name":"wp","href":"https:\/\/api.w.org\/{rel}","templated":true}]}}