{"id":10558,"date":"2023-01-25T12:22:22","date_gmt":"2023-01-25T12:22:22","guid":{"rendered":"https:\/\/laimincom.ee\/toode\/pvc-blackboard-a4\/"},"modified":"2024-01-18T09:29:04","modified_gmt":"2024-01-18T09:29:04","slug":"pvc-blackboard-a4","status":"publish","type":"product","link":"https:\/\/laimincom.ee\/et\/toode\/pvc-blackboard-a4\/","title":{"rendered":"PVC tahvel A4"},"content":{"rendered":"<p>K\u00f5igest 0,8 mm paksune PVC tahvel.<\/p>","protected":false},"excerpt":{"rendered":"<p>Peamiselt plastik- v\u00f5i alumiiniumraamides kasutamiseks. Kahepoolne, mille m\u00f5lemat poolt katab l\u00e4bipaistev laminaat. Saadaval erinevad suurused.<\/p>","protected":false},"featured_media":1005,"template":"","meta":{"om_disable_all_campaigns":false,"inline_featured_image":false},"product_cat":[67],"product_tag":[],"class_list":{"0":"post-10558","1":"product","2":"type-product","3":"status-publish","4":"has-post-thumbnail","6":"product_cat-other-pet-pvc-products","7":"pa_paper-size-a4","10":"first","11":"onbackorder","12":"taxable","13":"shipping-taxable","14":"purchasable","15":"product-type-simple"},"_links":{"self":[{"href":"https:\/\/laimincom.ee\/et\/wp-json\/wp\/v2\/product\/10558","targetHints":{"allow":["GET"]}}],"collection":[{"href":"https:\/\/laimincom.ee\/et\/wp-json\/wp\/v2\/product"}],"about":[{"href":"https:\/\/laimincom.ee\/et\/wp-json\/wp\/v2\/types\/product"}],"wp:featuredmedia":[{"embeddable":true,"href":"https:\/\/laimincom.ee\/et\/wp-json\/wp\/v2\/media\/1005"}],"wp:attachment":[{"href":"https:\/\/laimincom.ee\/et\/wp-json\/wp\/v2\/media?parent=10558"}],"wp:term":[{"taxonomy":"product_cat","embeddable":true,"href":"https:\/\/laimincom.ee\/et\/wp-json\/wp\/v2\/product_cat?post=10558"},{"taxonomy":"product_tag","embeddable":true,"href":"https:\/\/laimincom.ee\/et\/wp-json\/wp\/v2\/product_tag?post=10558"}],"curies":[{"name":"wp","href":"https:\/\/api.w.org\/{rel}","templated":true}]}}