{"id":10535,"date":"2023-01-25T12:22:19","date_gmt":"2023-01-25T12:22:19","guid":{"rendered":"https:\/\/laimincom.ee\/toode\/protective-pocket-with-1-tape-a3\/"},"modified":"2024-01-18T09:30:44","modified_gmt":"2024-01-18T09:30:44","slug":"protective-pocket-with-1-tape-a3","status":"publish","type":"product","link":"https:\/\/laimincom.ee\/et\/toode\/protective-pocket-with-1-tape-a3\/","title":{"rendered":"Kahe teibiga PVC infohoidik, horisontaalne, A3"},"content":{"rendered":"<p>M\u00f5lemad k\u00fcljed painutatud, C-kujuline tasku.<\/p>","protected":false},"excerpt":{"rendered":"<p>M\u00f5lemalt poolt painutatud 0,2 mm paksune PVC tasku ja \u00fchel painutatud serval \u00fcks kahepoolne teip.<\/p>","protected":false},"featured_media":1048,"template":"","meta":{"om_disable_all_campaigns":false,"inline_featured_image":false},"product_cat":[49],"product_tag":[],"class_list":{"0":"post-10535","1":"product","2":"type-product","3":"status-publish","4":"has-post-thumbnail","6":"product_cat-hanging-accessories","7":"pa_paper-size-a3","10":"first","11":"onbackorder","12":"taxable","13":"shipping-taxable","14":"purchasable","15":"product-type-simple"},"_links":{"self":[{"href":"https:\/\/laimincom.ee\/et\/wp-json\/wp\/v2\/product\/10535","targetHints":{"allow":["GET"]}}],"collection":[{"href":"https:\/\/laimincom.ee\/et\/wp-json\/wp\/v2\/product"}],"about":[{"href":"https:\/\/laimincom.ee\/et\/wp-json\/wp\/v2\/types\/product"}],"wp:featuredmedia":[{"embeddable":true,"href":"https:\/\/laimincom.ee\/et\/wp-json\/wp\/v2\/media\/1048"}],"wp:attachment":[{"href":"https:\/\/laimincom.ee\/et\/wp-json\/wp\/v2\/media?parent=10535"}],"wp:term":[{"taxonomy":"product_cat","embeddable":true,"href":"https:\/\/laimincom.ee\/et\/wp-json\/wp\/v2\/product_cat?post=10535"},{"taxonomy":"product_tag","embeddable":true,"href":"https:\/\/laimincom.ee\/et\/wp-json\/wp\/v2\/product_tag?post=10535"}],"curies":[{"name":"wp","href":"https:\/\/api.w.org\/{rel}","templated":true}]}}