{"id":10523,"date":"2023-01-25T12:22:18","date_gmt":"2023-01-25T12:22:18","guid":{"rendered":"https:\/\/laimincom.ee\/toode\/protective-pocket-with-1-hole-a1\/"},"modified":"2024-01-18T09:31:36","modified_gmt":"2024-01-18T09:31:36","slug":"protective-pocket-with-1-hole-a1","status":"publish","type":"product","link":"https:\/\/laimincom.ee\/et\/toode\/protective-pocket-with-1-hole-a1\/","title":{"rendered":"\u00dche auguga PVC infohoidik, A1"},"content":{"rendered":"<p>Saab riputada erinevate konksude k\u00fclge. \u00dclevalt avatav. Populaarsed suurused: A6, A5, A4, A3, A2 ja A1.<\/p>","protected":false},"excerpt":{"rendered":"<p>Pooleks painutatud kaitsekile, millele on tehtud \u00fcks auk.<\/p>","protected":false},"featured_media":826,"template":"","meta":{"om_disable_all_campaigns":false,"inline_featured_image":false},"product_cat":[64],"product_tag":[],"class_list":{"0":"post-10523","1":"product","2":"type-product","3":"status-publish","4":"has-post-thumbnail","6":"product_cat-information-holders","7":"pa_paper-size-a1","10":"first","11":"onbackorder","12":"taxable","13":"shipping-taxable","14":"purchasable","15":"product-type-simple"},"_links":{"self":[{"href":"https:\/\/laimincom.ee\/et\/wp-json\/wp\/v2\/product\/10523","targetHints":{"allow":["GET"]}}],"collection":[{"href":"https:\/\/laimincom.ee\/et\/wp-json\/wp\/v2\/product"}],"about":[{"href":"https:\/\/laimincom.ee\/et\/wp-json\/wp\/v2\/types\/product"}],"wp:featuredmedia":[{"embeddable":true,"href":"https:\/\/laimincom.ee\/et\/wp-json\/wp\/v2\/media\/826"}],"wp:attachment":[{"href":"https:\/\/laimincom.ee\/et\/wp-json\/wp\/v2\/media?parent=10523"}],"wp:term":[{"taxonomy":"product_cat","embeddable":true,"href":"https:\/\/laimincom.ee\/et\/wp-json\/wp\/v2\/product_cat?post=10523"},{"taxonomy":"product_tag","embeddable":true,"href":"https:\/\/laimincom.ee\/et\/wp-json\/wp\/v2\/product_tag?post=10523"}],"curies":[{"name":"wp","href":"https:\/\/api.w.org\/{rel}","templated":true}]}}