{"id":10464,"date":"2023-01-25T12:22:12","date_gmt":"2023-01-25T12:22:12","guid":{"rendered":"https:\/\/laimincom.ee\/toode\/poster-cover-a5\/"},"modified":"2024-01-18T09:33:08","modified_gmt":"2024-01-18T09:33:08","slug":"poster-cover-a5","status":"publish","type":"product","link":"https:\/\/laimincom.ee\/et\/toode\/poster-cover-a5\/","title":{"rendered":"Infolehe \u00fcmbris, A5 vertikaalne"},"content":{"rendered":"<p>Sobib kasutada koos Infolehe \u00fcmbrise hoidikuga.<\/p>","protected":false},"excerpt":{"rendered":"<p>Materjal: PMMA akr\u00fc\u00fcl (2 mm). V\u00e4rv: l\u00e4bipaistev.<\/p>","protected":false},"featured_media":1481,"template":"","meta":{"om_disable_all_campaigns":false,"inline_featured_image":false},"product_cat":[69],"product_tag":[],"class_list":{"0":"post-10464","1":"product","2":"type-product","3":"status-publish","4":"has-post-thumbnail","6":"product_cat-information-holders-acrylic-products","7":"pa_paper-size-a5","10":"first","11":"onbackorder","12":"taxable","13":"shipping-taxable","14":"purchasable","15":"product-type-simple"},"_links":{"self":[{"href":"https:\/\/laimincom.ee\/et\/wp-json\/wp\/v2\/product\/10464","targetHints":{"allow":["GET"]}}],"collection":[{"href":"https:\/\/laimincom.ee\/et\/wp-json\/wp\/v2\/product"}],"about":[{"href":"https:\/\/laimincom.ee\/et\/wp-json\/wp\/v2\/types\/product"}],"wp:featuredmedia":[{"embeddable":true,"href":"https:\/\/laimincom.ee\/et\/wp-json\/wp\/v2\/media\/1481"}],"wp:attachment":[{"href":"https:\/\/laimincom.ee\/et\/wp-json\/wp\/v2\/media?parent=10464"}],"wp:term":[{"taxonomy":"product_cat","embeddable":true,"href":"https:\/\/laimincom.ee\/et\/wp-json\/wp\/v2\/product_cat?post=10464"},{"taxonomy":"product_tag","embeddable":true,"href":"https:\/\/laimincom.ee\/et\/wp-json\/wp\/v2\/product_tag?post=10464"}],"curies":[{"name":"wp","href":"https:\/\/api.w.org\/{rel}","templated":true}]}}