{"id":10450,"date":"2023-01-25T12:22:09","date_gmt":"2023-01-25T12:22:09","guid":{"rendered":"https:\/\/laimincom.ee\/toode\/pockets-a5\/"},"modified":"2025-07-11T12:01:25","modified_gmt":"2025-07-11T12:01:25","slug":"pockets-a5","status":"publish","type":"product","link":"https:\/\/laimincom.ee\/et\/toode\/pockets-a5\/","title":{"rendered":"Tasku MAG-Sign profiilile A5, vertikaalne"},"content":{"rendered":"<p>MAG-Sign on v\u00f5imalik valmistada ka v\u00e4iksematele PVC taskutele, l\u00e4htudes konkreetsest soovist. Taskutele v\u00f5imalik peale tr\u00fckkida tekste, pilte ja muud informatsiooni (n\u00e4iteks \"Soodushind\", \"Kohalik toode\").<\/p>","protected":false},"excerpt":{"rendered":"<p>Metallribaga PVC tasku MAG-Sign profiilile.<\/p>\n<p>Standardprofiilile sobivad A6, A5, A4, A3 ja A2 m\u00f5\u00f5dus PVC taskud.<\/p>","protected":false},"featured_media":357,"template":"","meta":{"om_disable_all_campaigns":false,"inline_featured_image":false},"product_cat":[100],"product_tag":[],"class_list":{"0":"post-10450","1":"product","2":"type-product","3":"status-publish","4":"has-post-thumbnail","6":"product_cat-pockets","7":"pa_paper-size-a5","10":"first","11":"instock","12":"taxable","13":"shipping-taxable","14":"purchasable","15":"product-type-simple"},"_links":{"self":[{"href":"https:\/\/laimincom.ee\/et\/wp-json\/wp\/v2\/product\/10450","targetHints":{"allow":["GET"]}}],"collection":[{"href":"https:\/\/laimincom.ee\/et\/wp-json\/wp\/v2\/product"}],"about":[{"href":"https:\/\/laimincom.ee\/et\/wp-json\/wp\/v2\/types\/product"}],"wp:featuredmedia":[{"embeddable":true,"href":"https:\/\/laimincom.ee\/et\/wp-json\/wp\/v2\/media\/357"}],"wp:attachment":[{"href":"https:\/\/laimincom.ee\/et\/wp-json\/wp\/v2\/media?parent=10450"}],"wp:term":[{"taxonomy":"product_cat","embeddable":true,"href":"https:\/\/laimincom.ee\/et\/wp-json\/wp\/v2\/product_cat?post=10450"},{"taxonomy":"product_tag","embeddable":true,"href":"https:\/\/laimincom.ee\/et\/wp-json\/wp\/v2\/product_tag?post=10450"}],"curies":[{"name":"wp","href":"https:\/\/api.w.org\/{rel}","templated":true}]}}