{"id":10438,"date":"2023-01-25T12:22:07","date_gmt":"2023-01-25T12:22:07","guid":{"rendered":"https:\/\/laimincom.ee\/toode\/pocket-sign-holder-with-magnet-tape-a5\/"},"modified":"2024-01-18T09:35:00","modified_gmt":"2024-01-18T09:35:00","slug":"pocket-sign-holder-with-magnet-tape-a5","status":"publish","type":"product","link":"https:\/\/laimincom.ee\/et\/toode\/pocket-sign-holder-with-magnet-tape-a5\/","title":{"rendered":"Kahe magnetiga A5 tasku"},"content":{"rendered":"<p>V\u00f5imalik valida vertikaalne v\u00f5i horisontaalne tasku.<\/p>\n<p>M\u00f5lemad k\u00fcljed painutatud, C-kujuline tasku. Horisontaalse tasku puhul kinnitatakse teip pikemale k\u00fcljele.<\/p>\n<p>Saame toota ka muid suurusi.<\/p>","protected":false},"excerpt":{"rendered":"<p>Tasku informatiivsete siltide jaoks magnetteibiga. Metallpindadele kinnitamiseks.<\/p>","protected":false},"featured_media":3979,"template":"","meta":{"om_disable_all_campaigns":false,"inline_featured_image":false},"product_cat":[64],"product_tag":[],"class_list":{"0":"post-10438","1":"product","2":"type-product","3":"status-publish","4":"has-post-thumbnail","6":"product_cat-information-holders","7":"pa_paper-size-a5","10":"first","11":"onbackorder","12":"taxable","13":"shipping-taxable","14":"purchasable","15":"product-type-simple"},"_links":{"self":[{"href":"https:\/\/laimincom.ee\/et\/wp-json\/wp\/v2\/product\/10438","targetHints":{"allow":["GET"]}}],"collection":[{"href":"https:\/\/laimincom.ee\/et\/wp-json\/wp\/v2\/product"}],"about":[{"href":"https:\/\/laimincom.ee\/et\/wp-json\/wp\/v2\/types\/product"}],"wp:featuredmedia":[{"embeddable":true,"href":"https:\/\/laimincom.ee\/et\/wp-json\/wp\/v2\/media\/3979"}],"wp:attachment":[{"href":"https:\/\/laimincom.ee\/et\/wp-json\/wp\/v2\/media?parent=10438"}],"wp:term":[{"taxonomy":"product_cat","embeddable":true,"href":"https:\/\/laimincom.ee\/et\/wp-json\/wp\/v2\/product_cat?post=10438"},{"taxonomy":"product_tag","embeddable":true,"href":"https:\/\/laimincom.ee\/et\/wp-json\/wp\/v2\/product_tag?post=10438"}],"curies":[{"name":"wp","href":"https:\/\/api.w.org\/{rel}","templated":true}]}}