{"id":10411,"date":"2023-01-25T12:22:03","date_gmt":"2023-01-25T12:22:03","guid":{"rendered":"https:\/\/laimincom.ee\/toode\/plastic-showcard-frame-a3-transparent\/"},"modified":"2025-02-18T09:50:00","modified_gmt":"2025-02-18T09:50:00","slug":"plastic-showcard-frame-a3-transparent","status":"publish","type":"product","link":"https:\/\/laimincom.ee\/et\/toode\/plastic-showcard-frame-a3-transparent\/","title":{"rendered":"Reklaamraam, A3, L\u00e4bipaistev"},"content":{"rendered":"<p>Kaitsekile sisestamine l\u00fchemast k\u00fcljest. Kaitsekile saab tellida eraldi.<\/p>","protected":false},"excerpt":{"rendered":"<p>Plastikust raam informatsiooni hoidmiseks. Plastikraame kasutatakse koos tarvikutega - sobivad alused ja hoidikud leiad meie tootevalikust. Vali sobiv v\u00e4rv ja suurus.<\/p>","protected":false},"featured_media":440,"template":"","meta":{"om_disable_all_campaigns":false,"inline_featured_image":false},"product_cat":[114],"product_tag":[],"class_list":{"0":"post-10411","1":"product","2":"type-product","3":"status-publish","4":"has-post-thumbnail","6":"product_cat-frames","7":"pa_paper-size-a3","10":"first","11":"instock","12":"taxable","13":"shipping-taxable","14":"purchasable","15":"product-type-simple"},"_links":{"self":[{"href":"https:\/\/laimincom.ee\/et\/wp-json\/wp\/v2\/product\/10411","targetHints":{"allow":["GET"]}}],"collection":[{"href":"https:\/\/laimincom.ee\/et\/wp-json\/wp\/v2\/product"}],"about":[{"href":"https:\/\/laimincom.ee\/et\/wp-json\/wp\/v2\/types\/product"}],"wp:featuredmedia":[{"embeddable":true,"href":"https:\/\/laimincom.ee\/et\/wp-json\/wp\/v2\/media\/440"}],"wp:attachment":[{"href":"https:\/\/laimincom.ee\/et\/wp-json\/wp\/v2\/media?parent=10411"}],"wp:term":[{"taxonomy":"product_cat","embeddable":true,"href":"https:\/\/laimincom.ee\/et\/wp-json\/wp\/v2\/product_cat?post=10411"},{"taxonomy":"product_tag","embeddable":true,"href":"https:\/\/laimincom.ee\/et\/wp-json\/wp\/v2\/product_tag?post=10411"}],"curies":[{"name":"wp","href":"https:\/\/api.w.org\/{rel}","templated":true}]}}