{"id":10401,"date":"2023-01-25T12:22:02","date_gmt":"2023-01-25T12:22:02","guid":{"rendered":"https:\/\/laimincom.ee\/toode\/plastic-card-54x86-mm-black\/"},"modified":"2024-01-18T09:35:43","modified_gmt":"2024-01-18T09:35:43","slug":"plastic-card-54x86-mm-black","status":"publish","type":"product","link":"https:\/\/laimincom.ee\/et\/toode\/plastic-card-54x86-mm-black\/","title":{"rendered":"Plastic card 54&#215;86 mm, Black"},"content":{"rendered":"<p>0<\/p>","protected":false},"excerpt":{"rendered":"<p>\u00dcks pakk sisaldab 100 t\u00fckki. Nurgad on \u00fcmmargused.<\/p>","protected":false},"featured_media":1400,"template":"","meta":{"om_disable_all_campaigns":false,"inline_featured_image":false},"product_cat":[44],"product_tag":[],"class_list":{"0":"post-10401","1":"product","2":"type-product","3":"status-publish","4":"has-post-thumbnail","6":"product_cat-edikio-price-tag-printer","9":"first","10":"onbackorder","11":"taxable","12":"shipping-taxable","13":"purchasable","14":"product-type-simple"},"_links":{"self":[{"href":"https:\/\/laimincom.ee\/et\/wp-json\/wp\/v2\/product\/10401","targetHints":{"allow":["GET"]}}],"collection":[{"href":"https:\/\/laimincom.ee\/et\/wp-json\/wp\/v2\/product"}],"about":[{"href":"https:\/\/laimincom.ee\/et\/wp-json\/wp\/v2\/types\/product"}],"wp:featuredmedia":[{"embeddable":true,"href":"https:\/\/laimincom.ee\/et\/wp-json\/wp\/v2\/media\/1400"}],"wp:attachment":[{"href":"https:\/\/laimincom.ee\/et\/wp-json\/wp\/v2\/media?parent=10401"}],"wp:term":[{"taxonomy":"product_cat","embeddable":true,"href":"https:\/\/laimincom.ee\/et\/wp-json\/wp\/v2\/product_cat?post=10401"},{"taxonomy":"product_tag","embeddable":true,"href":"https:\/\/laimincom.ee\/et\/wp-json\/wp\/v2\/product_tag?post=10401"}],"curies":[{"name":"wp","href":"https:\/\/api.w.org\/{rel}","templated":true}]}}