{"id":10399,"date":"2023-01-25T12:22:01","date_gmt":"2023-01-25T12:22:01","guid":{"rendered":"https:\/\/laimincom.ee\/toode\/package-wrap-102%e2%80%b3-259-cm\/"},"modified":"2024-04-22T11:14:53","modified_gmt":"2024-04-22T11:14:53","slug":"package-wrap-102%e2%80%b3-259-cm","status":"publish","type":"product","link":"https:\/\/laimincom.ee\/et\/toode\/package-wrap-102%e2%80%b3-259-cm\/","title":{"rendered":"IR PACKAGE WRAP &#8211; 102&#8243;, pakis 12 tk"},"content":{"rendered":"<p>Avatakse IR3 v\u00f5tmega.\nSobib riiulitele paigutamiseks v\u00f5i piigile riputamiseks.\nAlarmseade pakendi peal v\u00f5imaldab ligi p\u00e4\u00e4seda pakendil olevale teabele ja piltidele.\nV\u00f5imalik kasutada nii v\u00e4ikestel kui ka suurtel pakenditel (kaabli kogupikkus 132 cm v\u00f5i 259 cm). 90 dB alarm.<\/p>\n<p>Alarm hakkab t\u00f6\u00f6le ka juhul, kui kaabel l\u00e4bi l\u00f5igata. \nManuaalne kaabli tagasit\u00f5mme.<\/p>\n<p><iframe title=\"InVue Package Wrap Defeat Test\" width=\"640\" height=\"360\" src=\"https:\/\/www.youtube.com\/embed\/nCTvAizKDFQ?feature=oembed\" frameborder=\"0\" allow=\"accelerometer; autoplay; clipboard-write; encrypted-media; gyroscope; picture-in-picture; web-share\" referrerpolicy=\"strict-origin-when-cross-origin\" allowfullscreen><\/iframe><\/p>","protected":false},"excerpt":{"rendered":"<p>Package Wrap ehk tuntud ka kui \u201c\u00e4mblik\u201d. Mugav viis muuta seade turvaliseks, ilma et peaksid toote pakendist eemaldama. InVue tooded ei reageeri magneetilistele katsetele, st seda ei ole v\u00f5imalik magnetiga avada.<\/p>\n<p>Lisateave (eng),<span style=\"color: #00ccff;\"> <a style=\"color: #00ccff;\" href=\"https:\/\/invue.com\/wp-content\/uploads\/2018\/08\/pkg-wrap-ss-081418-v2.pdf\" target=\"_blank\" rel=\"noopener noreferrer\"><strong>siin!<\/strong><\/a><\/span><\/p>","protected":false},"featured_media":3302,"template":"","meta":{"om_disable_all_campaigns":false,"inline_featured_image":false},"product_cat":[202],"product_tag":[],"class_list":{"0":"post-10399","1":"product","2":"type-product","3":"status-publish","4":"has-post-thumbnail","6":"product_cat-what-has-been-done","7":"pa_lenght-102-259-cm","10":"first","11":"instock","12":"taxable","13":"shipping-taxable","14":"purchasable","15":"product-type-simple"},"_links":{"self":[{"href":"https:\/\/laimincom.ee\/et\/wp-json\/wp\/v2\/product\/10399","targetHints":{"allow":["GET"]}}],"collection":[{"href":"https:\/\/laimincom.ee\/et\/wp-json\/wp\/v2\/product"}],"about":[{"href":"https:\/\/laimincom.ee\/et\/wp-json\/wp\/v2\/types\/product"}],"wp:featuredmedia":[{"embeddable":true,"href":"https:\/\/laimincom.ee\/et\/wp-json\/wp\/v2\/media\/3302"}],"wp:attachment":[{"href":"https:\/\/laimincom.ee\/et\/wp-json\/wp\/v2\/media?parent=10399"}],"wp:term":[{"taxonomy":"product_cat","embeddable":true,"href":"https:\/\/laimincom.ee\/et\/wp-json\/wp\/v2\/product_cat?post=10399"},{"taxonomy":"product_tag","embeddable":true,"href":"https:\/\/laimincom.ee\/et\/wp-json\/wp\/v2\/product_tag?post=10399"}],"curies":[{"name":"wp","href":"https:\/\/api.w.org\/{rel}","templated":true}]}}