{"id":10393,"date":"2023-01-25T12:22:00","date_gmt":"2023-01-25T12:22:00","guid":{"rendered":"https:\/\/laimincom.ee\/toode\/onekey-bottle-cap-o-24-31-mm-am\/"},"modified":"2024-04-22T11:14:50","modified_gmt":"2024-04-22T11:14:50","slug":"onekey-bottle-cap-o-24-31-mm-am","status":"publish","type":"product","link":"https:\/\/laimincom.ee\/et\/toode\/onekey-bottle-cap-o-24-31-mm-am\/","title":{"rendered":"OneKEY Bottle Cap, Small, AM, \u00f8 24-31 mm"},"content":{"rendered":"<ul>\n<li>Lihtne pealekandmis- ja pingutusprotsess.<\/li>\n<li>\u00dche nupuvajutusega lukustamine.<\/li>\n<li>AM v\u00f5i RF v\u00e4ravatuvastus.<\/li>\n<li>V\u00e4\u00e4nde pingutusmehhanism ei kahjusta kilekatteid ega turvaelemente.<\/li>\n<li>L\u00e4bipaistev pudeli kaitsekork paljastab pudeli \u00fcmbrise ja kaitseb kohapeal tarbimise eest.<\/li>\n<li><strong>Saadaval kolmes suuruses:<\/strong>\u203a V\u00e4ike: l\u00e4bim\u00f5\u00f5t 24mm - 31mm.\n<p>\u203a Keskmine: l\u00e4bim\u00f5\u00f5t 31\u201336 mm.<\/p>\n<p>\u203a Suur: l\u00e4bim\u00f5\u00f5t 36\u201341 mm.<\/li>\n<\/ul>","protected":false},"excerpt":{"rendered":"<p>InVue pudeli kaubakaitse on ainus lahendus, mis kaitseb villitud kaupa varguse ja kohapealse tarbimise eest ning mida ei ole v\u00f5imalik avada magnetiga.\n\nPudelitel on fooliumkatted, v\u00f5ltsimis- v\u00f5i impordisildid, InVue lahendusega j\u00e4\u00e4vad need rikkumata - pingutusmehhanism on loodud spetsiaalselt fooliumkatete v\u00f5i muude siltide s\u00e4ilitamiseks, mida kliendid loodavad t\u00e4iesti tervena n\u00e4ha. Kuna pingutusmehhanism on kinnine, siis puudub v\u00f5imalus trosside l\u00e4bil\u00f5ikamiseks. Bottle Capi on lihtne lukustada ja avada. Kaubakaitse Bottle Cap kinnitatakse sekunditega ja lukust avatakse InVue OneKEY (IR v\u00f5tme) tehnoloogia abil.\n\nOneKEY pudelikork on osa eksklusiivsest InVue OneKEY \u00f6kos\u00fcsteemist, mist\u00f5ttu on v\u00f5imalik IR v\u00f5tit isikustada ja seel\u00e4bi saada infot, kes, millal ja mida on avanud. Samuti saab IR v\u00f5tit kasutada teiste InVue toodetega, seega on tegemist n\u00f6 \u00fchekordse investeerimisega. Alati on v\u00f5imalik t\u00e4iendada erinevate toodetega, olgu selleks siis kapilukud, turvakarbid, piigid vms.<\/p>\n<p>Lisateave (eng),<span style=\"color: #00ccff;\"> <a style=\"color: #00ccff;\" href=\"https:\/\/invue.com\/wp-content\/uploads\/2019\/02\/OneKEY_bottlecap_ss_020619.pdf\" target=\"_blank\" rel=\"noopener noreferrer\"><strong>siin!<\/strong><\/a><\/span><\/p>","protected":false},"featured_media":3424,"template":"","meta":{"om_disable_all_campaigns":false,"inline_featured_image":false},"product_cat":[202],"product_tag":[],"class_list":{"0":"post-10393","1":"product","2":"type-product","3":"status-publish","4":"has-post-thumbnail","6":"product_cat-what-has-been-done","7":"pa_diameter-o-24-31-mm","8":"pa_frequency-am","11":"first","12":"instock","13":"taxable","14":"shipping-taxable","15":"purchasable","16":"product-type-simple"},"_links":{"self":[{"href":"https:\/\/laimincom.ee\/et\/wp-json\/wp\/v2\/product\/10393","targetHints":{"allow":["GET"]}}],"collection":[{"href":"https:\/\/laimincom.ee\/et\/wp-json\/wp\/v2\/product"}],"about":[{"href":"https:\/\/laimincom.ee\/et\/wp-json\/wp\/v2\/types\/product"}],"wp:featuredmedia":[{"embeddable":true,"href":"https:\/\/laimincom.ee\/et\/wp-json\/wp\/v2\/media\/3424"}],"wp:attachment":[{"href":"https:\/\/laimincom.ee\/et\/wp-json\/wp\/v2\/media?parent=10393"}],"wp:term":[{"taxonomy":"product_cat","embeddable":true,"href":"https:\/\/laimincom.ee\/et\/wp-json\/wp\/v2\/product_cat?post=10393"},{"taxonomy":"product_tag","embeddable":true,"href":"https:\/\/laimincom.ee\/et\/wp-json\/wp\/v2\/product_tag?post=10393"}],"curies":[{"name":"wp","href":"https:\/\/api.w.org\/{rel}","templated":true}]}}